{"id":21,"date":"2020-09-11T06:27:32","date_gmt":"2020-09-11T06:27:32","guid":{"rendered":"http:\/\/klbtheme.com\/medibazar\/?page_id=21"},"modified":"2023-01-26T16:30:42","modified_gmt":"2023-01-26T16:30:42","slug":"anasayfa","status":"publish","type":"page","link":"https:\/\/pinars.com.tr\/","title":{"rendered":"Anasayfa"},"content":{"rendered":"\t\t<div data-elementor-type=\"wp-page\" data-elementor-id=\"21\" class=\"elementor elementor-21\">\n\t\t\t\t\t\t\t\t\t<section class=\"elementor-section elementor-top-section elementor-element elementor-element-6451a63 elementor-section-full_width elementor-section-height-default elementor-section-height-default\" data-id=\"6451a63\" data-element_type=\"section\">\n\t\t\t\t\t\t<div class=\"elementor-container elementor-column-gap-no\">\n\t\t\t\t\t<div class=\"elementor-column elementor-col-100 elementor-top-column elementor-element elementor-element-37c82ef\" data-id=\"37c82ef\" data-element_type=\"column\">\n\t\t\t<div class=\"elementor-widget-wrap elementor-element-populated\">\n\t\t\t\t\t\t\t\t<div class=\"elementor-element elementor-element-3a9b116 elementor-widget elementor-widget-slider_revolution\" data-id=\"3a9b116\" data-element_type=\"widget\" data-widget_type=\"slider_revolution.default\">\n\t\t\t\t<div class=\"elementor-widget-container\">\n\t\t\t\n\t\t<div class=\"wp-block-themepunch-revslider\">\n\t\t\t<!-- START Slider tr REVOLUTION SLIDER 6.6.8 --><p class=\"rs-p-wp-fix\"><\/p>\n\t\t\t<rs-module-wrap id=\"rev_slider_1_1_wrapper\" data-source=\"gallery\" style=\"visibility:hidden;background:transparent;padding:0;margin:0px auto;margin-top:0;margin-bottom:0;\">\n\t\t\t\t<rs-module id=\"rev_slider_1_1\" style=\"\" data-version=\"6.6.8\">\n\t\t\t\t\t<rs-slides style=\"overflow: hidden; position: absolute;\">\n\t\t\t\t\t\t<rs-slide style=\"position: absolute;\" data-key=\"rs-1\" data-title=\"Slide\" data-in=\"o:0;\" data-out=\"a:false;\">\n\t\t\t\t\t\t\t<img fetchpriority=\"high\" decoding=\"async\" src=\"\/\/pinars.com.tr\/wp-content\/plugins\/revslider\/public\/assets\/assets\/dummy.png\" alt=\"\" title=\"PS_medical_services\" width=\"2000\" height=\"1055\" class=\"rev-slidebg tp-rs-img rs-lazyload\" data-lazyload=\"\/\/pinars.com.tr\/wp-content\/uploads\/2023\/01\/PS_medical_services.jpg\" data-no-retina>\n<!--\n\t\t\t\t\t\t\t--><rs-layer\n\t\t\t\t\t\t\t\tid=\"slider-1-slide-1-layer-0\" \n\t\t\t\t\t\t\t\tdata-type=\"text\"\n\t\t\t\t\t\t\t\tdata-color=\"#ffffff\"\n\t\t\t\t\t\t\t\tdata-rsp_ch=\"on\"\n\t\t\t\t\t\t\t\tdata-xy=\"x:125px;y:443px;\"\n\t\t\t\t\t\t\t\tdata-text=\"w:normal;s:36;fw:800;\"\n\t\t\t\t\t\t\t\tdata-dim=\"w:786px;\"\n\t\t\t\t\t\t\t\tdata-frame_1=\"st:430;sp:500;sR:430;\"\n\t\t\t\t\t\t\t\tdata-frame_999=\"o:0;st:w;sR:8070;\"\n\t\t\t\t\t\t\t\tstyle=\"z-index:6;font-family:'Arial', 'Helvetica', 'sans-serif';\"\n\t\t\t\t\t\t\t>SA\u011eLI\u011eINIZ KONTROL\u00dcN\u00dcZ ALTINDA<br \/>\n<br \/>\n \n\t\t\t\t\t\t\t<\/rs-layer><!--\n\n\t\t\t\t\t\t\t--><rs-layer\n\t\t\t\t\t\t\t\tid=\"slider-1-slide-1-layer-1\" \n\t\t\t\t\t\t\t\tdata-type=\"shape\"\n\t\t\t\t\t\t\t\tdata-rsp_ch=\"on\"\n\t\t\t\t\t\t\t\tdata-xy=\"x:c;y:c;\"\n\t\t\t\t\t\t\t\tdata-text=\"w:normal;\"\n\t\t\t\t\t\t\t\tdata-dim=\"w:100%;h:100%;\"\n\t\t\t\t\t\t\t\tdata-basealign=\"slide\"\n\t\t\t\t\t\t\t\tdata-frame_999=\"o:0;st:w;sR:8700;\"\n\t\t\t\t\t\t\t\tstyle=\"z-index:5;background-color:rgba(0,23,234,0.6);\"\n\t\t\t\t\t\t\t> \n\t\t\t\t\t\t\t<\/rs-layer><!--\n\n\t\t\t\t\t\t\t--><rs-layer\n\t\t\t\t\t\t\t\tid=\"slider-1-slide-1-layer-2\" \n\t\t\t\t\t\t\t\tdata-type=\"image\"\n\t\t\t\t\t\t\t\tdata-rsp_ch=\"on\"\n\t\t\t\t\t\t\t\tdata-xy=\"x:127px;y:353px;\"\n\t\t\t\t\t\t\t\tdata-text=\"w:normal;\"\n\t\t\t\t\t\t\t\tdata-dim=\"w:655px;h:66px;\"\n\t\t\t\t\t\t\t\tdata-frame_1=\"st:180;sp:500;sR:180;\"\n\t\t\t\t\t\t\t\tdata-frame_999=\"o:0;st:w;sR:8320;\"\n\t\t\t\t\t\t\t\tstyle=\"z-index:7;\"\n\t\t\t\t\t\t\t><img decoding=\"async\" src=\"\/\/pinars.com.tr\/wp-content\/plugins\/revslider\/public\/assets\/assets\/dummy.png\" alt=\"\" class=\"tp-rs-img rs-lazyload\" width=\"655\" height=\"66\" data-lazyload=\"\/\/pinars.com.tr\/wp-content\/uploads\/2023\/01\/PS_Logo_type.png\" data-no-retina> \n\t\t\t\t\t\t\t<\/rs-layer><!--\n-->\t\t\t\t\t\t<\/rs-slide>\n\t\t\t\t\t<\/rs-slides>\n\t\t\t\t<\/rs-module>\n\t\t\t\t<script>\n\t\t\t\t\tsetREVStartSize({c: 'rev_slider_1_1',rl:[1240,1024,778,480],el:[900],gw:[1240],gh:[900],type:'standard',justify:'',layout:'fullwidth',mh:\"0\"});if (window.RS_MODULES!==undefined && window.RS_MODULES.modules!==undefined && window.RS_MODULES.modules[\"revslider11\"]!==undefined) {window.RS_MODULES.modules[\"revslider11\"].once = false;window.revapi1 = undefined;if (window.RS_MODULES.checkMinimal!==undefined) window.RS_MODULES.checkMinimal()}\n\t\t\t\t<\/script>\n\t\t\t<\/rs-module-wrap>\n\t\t\t<!-- END REVOLUTION SLIDER -->\n<\/div>\n\n\t\t\t\t<\/div>\n\t\t\t\t<\/div>\n\t\t\t\t\t<\/div>\n\t\t<\/div>\n\t\t\t\t\t\t\t<\/div>\n\t\t<\/section>\n\t\t\t\t<section class=\"elementor-section elementor-top-section elementor-element elementor-element-084d8fe elementor-section-boxed elementor-section-height-default elementor-section-height-default\" data-id=\"084d8fe\" data-element_type=\"section\">\n\t\t\t\t\t\t<div class=\"elementor-container elementor-column-gap-default\">\n\t\t\t\t\t<div class=\"elementor-column elementor-col-100 elementor-top-column elementor-element elementor-element-f985076\" data-id=\"f985076\" data-element_type=\"column\">\n\t\t\t<div class=\"elementor-widget-wrap elementor-element-populated\">\n\t\t\t\t\t\t\t\t<div class=\"elementor-element elementor-element-ae3e6c6 elementor-widget elementor-widget-text-editor\" data-id=\"ae3e6c6\" data-element_type=\"widget\" data-widget_type=\"text-editor.default\">\n\t\t\t\t<div class=\"elementor-widget-container\">\n\t\t\t<style>\/*! elementor - v3.18.0 - 08-12-2023 *\/\n.elementor-widget-text-editor.elementor-drop-cap-view-stacked .elementor-drop-cap{background-color:#69727d;color:#fff}.elementor-widget-text-editor.elementor-drop-cap-view-framed .elementor-drop-cap{color:#69727d;border:3px solid;background-color:transparent}.elementor-widget-text-editor:not(.elementor-drop-cap-view-default) .elementor-drop-cap{margin-top:8px}.elementor-widget-text-editor:not(.elementor-drop-cap-view-default) .elementor-drop-cap-letter{width:1em;height:1em}.elementor-widget-text-editor .elementor-drop-cap{float:left;text-align:center;line-height:1;font-size:50px}.elementor-widget-text-editor .elementor-drop-cap-letter{display:inline-block}<\/style>\t\t\t\tP\u0131nar Sa\u011fl\u0131k Hizmetleri 1987 y\u0131l\u0131nda Ankara\u2019da sa\u011fl\u0131\u011f\u0131m\u0131z i\u00e7in medikal alanda teknolojinin geli\u015fimini takip ederek, bu geli\u015fmeleri herkes taraf\u0131ndan kullan\u0131labilir k\u0131lmak amac\u0131yla kurulmu\u015ftur.<br><br>\n\nAz g\u00f6renler i\u00e7in yard\u0131mc\u0131 y\u00f6ntemlerden biri olan \u201cTeleskopik G\u00f6zl\u00fck\u201d sat\u0131\u015f\u0131 ile hayat\u0131na ba\u015flam\u0131\u015f, kontakt lens ve medikal \u00f6rt\u00fc setleri ile yoluna devam etmi\u015ftir. <br><br>\n\n\u015eimdi ise \u2018EASY Smear \u2013 Tek Kullan\u0131ml\u0131k Steril Smear Aparat\u0131\u2019 ile medikal alanda yap\u0131lan geli\u015fmelere kendisi de bir katk\u0131da bulunmaktad\u0131r.\t\t\t\t\t\t<\/div>\n\t\t\t\t<\/div>\n\t\t\t\t\t<\/div>\n\t\t<\/div>\n\t\t\t\t\t\t\t<\/div>\n\t\t<\/section>\n\t\t\t\t<section class=\"elementor-section elementor-top-section elementor-element elementor-element-238f949 elementor-section-content-space-between elementor-section-stretched elementor-section-boxed elementor-section-height-default elementor-section-height-default\" data-id=\"238f949\" data-element_type=\"section\" data-settings=\"{&quot;stretch_section&quot;:&quot;section-stretched&quot;}\">\n\t\t\t\t\t\t<div class=\"elementor-container elementor-column-gap-default\">\n\t\t\t\t\t<div class=\"elementor-column elementor-col-50 elementor-top-column elementor-element elementor-element-92ef645\" data-id=\"92ef645\" data-element_type=\"column\">\n\t\t\t<div class=\"elementor-widget-wrap elementor-element-populated\">\n\t\t\t\t\t\t\t\t<div class=\"elementor-element elementor-element-521a47a elementor-widget elementor-widget-medibazar-single-banner\" data-id=\"521a47a\" data-element_type=\"widget\" data-widget_type=\"medibazar-single-banner.default\">\n\t\t\t\t<div class=\"elementor-widget-container\">\n\t\t\t<div class=\"banner-wrapper\"><div class=\"banner-img pos-rel\"><a href=\"https:\/\/pinars.com.tr\/index.php\/easysmear\/\"><img decoding=\"async\" src=\"https:\/\/pinars.com.tr\/wp-content\/uploads\/2023\/01\/MFT_2398-1-scaled.jpg\" alt=\"banner1\"><\/a><div class=\"banner-text\"><span><\/span><h2><\/h2><div class=\"b-button red-b-button\"><\/div><\/div><\/div><\/div>\t\t<\/div>\n\t\t\t\t<\/div>\n\t\t\t\t\t<\/div>\n\t\t<\/div>\n\t\t\t\t<div class=\"elementor-column elementor-col-50 elementor-top-column elementor-element elementor-element-0767a6c\" data-id=\"0767a6c\" data-element_type=\"column\">\n\t\t\t<div class=\"elementor-widget-wrap elementor-element-populated\">\n\t\t\t\t\t\t\t\t<div class=\"elementor-element elementor-element-15057ec elementor-widget elementor-widget-medibazar-single-banner\" data-id=\"15057ec\" data-element_type=\"widget\" data-widget_type=\"medibazar-single-banner.default\">\n\t\t\t\t<div class=\"elementor-widget-container\">\n\t\t\t<div class=\"banner-wrapper\"><div class=\"banner-img pos-rel\"><a href=\"https:\/\/pinars.com.tr\/index.php\/gyn-smear\/\"><img decoding=\"async\" src=\"https:\/\/pinars.com.tr\/wp-content\/uploads\/2023\/01\/MFT_3555-scaled.jpg\" alt=\"banner1\"><\/a><div class=\"banner-text\"><span><\/span><h2><\/h2><div class=\"b-button red-b-button\"><\/div><\/div><\/div><\/div>\t\t<\/div>\n\t\t\t\t<\/div>\n\t\t\t\t\t<\/div>\n\t\t<\/div>\n\t\t\t\t\t\t\t<\/div>\n\t\t<\/section>\n\t\t\t\t<section class=\"elementor-section elementor-top-section elementor-element elementor-element-053ed45 elementor-section-content-space-evenly elementor-section-boxed elementor-section-height-default elementor-section-height-default\" data-id=\"053ed45\" data-element_type=\"section\">\n\t\t\t\t\t\t<div class=\"elementor-container elementor-column-gap-default\">\n\t\t\t\t\t<div class=\"elementor-column elementor-col-50 elementor-top-column elementor-element elementor-element-1488309\" data-id=\"1488309\" data-element_type=\"column\">\n\t\t\t<div class=\"elementor-widget-wrap elementor-element-populated\">\n\t\t\t\t\t\t\t\t<div class=\"elementor-element elementor-element-3aa4629 elementor-widget elementor-widget-medibazar-single-banner\" data-id=\"3aa4629\" data-element_type=\"widget\" data-widget_type=\"medibazar-single-banner.default\">\n\t\t\t\t<div class=\"elementor-widget-container\">\n\t\t\t<div class=\"banner-wrapper\"><div class=\"banner-img pos-rel\"><a href=\"https:\/\/pinars.com.tr\/index.php\/easy-smear-cell-preservative\/\"><img decoding=\"async\" src=\"https:\/\/pinars.com.tr\/wp-content\/uploads\/2023\/01\/MFT_1125-scaled.jpg\" alt=\"banner1\"><\/a><div class=\"banner-text\"><span>H\u00fccre Koruyucu<\/span><h2><\/h2><div class=\"b-button red-b-button\"><\/div><\/div><\/div><\/div>\t\t<\/div>\n\t\t\t\t<\/div>\n\t\t\t\t\t<\/div>\n\t\t<\/div>\n\t\t\t\t<div class=\"elementor-column elementor-col-50 elementor-top-column elementor-element elementor-element-ea48136\" data-id=\"ea48136\" data-element_type=\"column\">\n\t\t\t<div class=\"elementor-widget-wrap elementor-element-populated\">\n\t\t\t\t\t\t\t\t<div class=\"elementor-element elementor-element-d78ec94 elementor-widget elementor-widget-medibazar-single-banner\" data-id=\"d78ec94\" data-element_type=\"widget\" data-widget_type=\"medibazar-single-banner.default\">\n\t\t\t\t<div class=\"elementor-widget-container\">\n\t\t\t<div class=\"banner-wrapper\"><div class=\"banner-img pos-rel\"><a href=\"https:\/\/pinars.com.tr\/index.php\/opu-seti\/\"><img decoding=\"async\" src=\"https:\/\/pinars.com.tr\/wp-content\/uploads\/2023\/01\/opu-mockup-scaled.jpg\" alt=\"banner1\"><\/a><div class=\"banner-text\"><span>OPU Seti<\/span><h2><\/h2><div class=\"b-button red-b-button\"><\/div><\/div><\/div><\/div>\t\t<\/div>\n\t\t\t\t<\/div>\n\t\t\t\t\t<\/div>\n\t\t<\/div>\n\t\t\t\t\t\t\t<\/div>\n\t\t<\/section>\n\t\t\t\t<section class=\"elementor-section elementor-top-section elementor-element elementor-element-810c795 elementor-section-boxed elementor-section-height-default elementor-section-height-default\" data-id=\"810c795\" data-element_type=\"section\">\n\t\t\t\t\t\t<div class=\"elementor-container elementor-column-gap-default\">\n\t\t\t\t\t<div class=\"elementor-column elementor-col-50 elementor-top-column elementor-element elementor-element-29946b1\" data-id=\"29946b1\" data-element_type=\"column\">\n\t\t\t<div class=\"elementor-widget-wrap elementor-element-populated\">\n\t\t\t\t\t\t\t\t<div class=\"elementor-element elementor-element-e607936 elementor-widget elementor-widget-medibazar-single-banner\" data-id=\"e607936\" data-element_type=\"widget\" data-widget_type=\"medibazar-single-banner.default\">\n\t\t\t\t<div class=\"elementor-widget-container\">\n\t\t\t<div class=\"banner-wrapper\"><div class=\"banner-img pos-rel\"><a href=\"https:\/\/pinars.com.tr\/index.php\/tese-seti\/\"><img decoding=\"async\" src=\"https:\/\/pinars.com.tr\/wp-content\/uploads\/2023\/01\/tese-mockup-scaled.jpg\" alt=\"banner1\"><\/a><div class=\"banner-text\"><span>TESE Seti<\/span><h2><\/h2><div class=\"b-button red-b-button\"><\/div><\/div><\/div><\/div>\t\t<\/div>\n\t\t\t\t<\/div>\n\t\t\t\t\t<\/div>\n\t\t<\/div>\n\t\t\t\t<div class=\"elementor-column elementor-col-50 elementor-top-column elementor-element elementor-element-a6e50ec\" data-id=\"a6e50ec\" data-element_type=\"column\">\n\t\t\t<div class=\"elementor-widget-wrap elementor-element-populated\">\n\t\t\t\t\t\t\t\t<div class=\"elementor-element elementor-element-8b73dda elementor-widget elementor-widget-medibazar-single-banner\" data-id=\"8b73dda\" data-element_type=\"widget\" data-widget_type=\"medibazar-single-banner.default\">\n\t\t\t\t<div class=\"elementor-widget-container\">\n\t\t\t<div class=\"banner-wrapper\"><div class=\"banner-img pos-rel\"><a href=\"https:\/\/pinars.com.tr\/index.php\/histeroskopi-seti\/\"><img decoding=\"async\" src=\"https:\/\/pinars.com.tr\/wp-content\/uploads\/2023\/01\/histereskopi-mockup-scaled.jpg\" alt=\"banner1\"><\/a><div class=\"banner-text\"><span>Histeroskopi Seti<\/span><h2><\/h2><div class=\"b-button red-b-button\"><\/div><\/div><\/div><\/div>\t\t<\/div>\n\t\t\t\t<\/div>\n\t\t\t\t\t<\/div>\n\t\t<\/div>\n\t\t\t\t\t\t\t<\/div>\n\t\t<\/section>\n\t\t\t\t<section class=\"elementor-section elementor-top-section elementor-element elementor-element-5ae9d24 elementor-section-boxed elementor-section-height-default elementor-section-height-default\" data-id=\"5ae9d24\" data-element_type=\"section\">\n\t\t\t\t\t\t<div class=\"elementor-container elementor-column-gap-default\">\n\t\t\t\t\t<div class=\"elementor-column elementor-col-50 elementor-top-column elementor-element elementor-element-bdb4eda\" data-id=\"bdb4eda\" data-element_type=\"column\">\n\t\t\t<div class=\"elementor-widget-wrap elementor-element-populated\">\n\t\t\t\t\t\t\t\t<div class=\"elementor-element elementor-element-a9a245b elementor-widget elementor-widget-medibazar-single-banner\" data-id=\"a9a245b\" data-element_type=\"widget\" data-widget_type=\"medibazar-single-banner.default\">\n\t\t\t\t<div class=\"elementor-widget-container\">\n\t\t\t<div class=\"banner-wrapper\"><div class=\"banner-img pos-rel\"><a href=\"https:\/\/pinars.com.tr\/index.php\/et-seti\/\"><img decoding=\"async\" src=\"https:\/\/pinars.com.tr\/wp-content\/uploads\/2023\/01\/et-mockup-scaled.jpg\" alt=\"banner1\"><\/a><div class=\"banner-text\"><span>ET Seti<\/span><h2>  <\/h2><div class=\"b-button red-b-button\"><\/div><\/div><\/div><\/div>\t\t<\/div>\n\t\t\t\t<\/div>\n\t\t\t\t\t<\/div>\n\t\t<\/div>\n\t\t\t\t<div class=\"elementor-column elementor-col-50 elementor-top-column elementor-element elementor-element-b601f51\" data-id=\"b601f51\" data-element_type=\"column\">\n\t\t\t<div class=\"elementor-widget-wrap elementor-element-populated\">\n\t\t\t\t\t\t\t\t<div class=\"elementor-element elementor-element-6eef5eb elementor-widget elementor-widget-medibazar-single-banner\" data-id=\"6eef5eb\" data-element_type=\"widget\" data-widget_type=\"medibazar-single-banner.default\">\n\t\t\t\t<div class=\"elementor-widget-container\">\n\t\t\t<div class=\"banner-wrapper\"><div class=\"banner-img pos-rel\"><a href=\"https:\/\/pinars.com.tr\/index.php\/cover-kit\/\"><img decoding=\"async\" src=\"https:\/\/pinars.com.tr\/wp-content\/uploads\/2023\/01\/cover-mockup-scaled.jpg\" alt=\"banner1\"><\/a><div class=\"banner-text\"><span>Cover Kit<\/span><h2>  <\/h2><div class=\"b-button red-b-button\"><\/div><\/div><\/div><\/div>\t\t<\/div>\n\t\t\t\t<\/div>\n\t\t\t\t\t<\/div>\n\t\t<\/div>\n\t\t\t\t\t\t\t<\/div>\n\t\t<\/section>\n\t\t\t\t<section class=\"elementor-section elementor-top-section elementor-element elementor-element-76e1179 elementor-section-boxed elementor-section-height-default elementor-section-height-default\" data-id=\"76e1179\" data-element_type=\"section\">\n\t\t\t\t\t\t<div class=\"elementor-container elementor-column-gap-default\">\n\t\t\t\t\t<div class=\"elementor-column elementor-col-100 elementor-top-column elementor-element elementor-element-037d858\" data-id=\"037d858\" data-element_type=\"column\">\n\t\t\t<div class=\"elementor-widget-wrap elementor-element-populated\">\n\t\t\t\t\t\t\t\t<div class=\"elementor-element elementor-element-0aa5f40 elementor-widget elementor-widget-heading\" data-id=\"0aa5f40\" data-element_type=\"widget\" data-widget_type=\"heading.default\">\n\t\t\t\t<div class=\"elementor-widget-container\">\n\t\t\t<style>\/*! elementor - v3.18.0 - 08-12-2023 *\/\n.elementor-heading-title{padding:0;margin:0;line-height:1}.elementor-widget-heading .elementor-heading-title[class*=elementor-size-]>a{color:inherit;font-size:inherit;line-height:inherit}.elementor-widget-heading .elementor-heading-title.elementor-size-small{font-size:15px}.elementor-widget-heading .elementor-heading-title.elementor-size-medium{font-size:19px}.elementor-widget-heading .elementor-heading-title.elementor-size-large{font-size:29px}.elementor-widget-heading .elementor-heading-title.elementor-size-xl{font-size:39px}.elementor-widget-heading .elementor-heading-title.elementor-size-xxl{font-size:59px}<\/style><h2 class=\"elementor-heading-title elementor-size-default\">Kalite Politikas\u0131<\/h2>\t\t<\/div>\n\t\t\t\t<\/div>\n\t\t\t\t<div class=\"elementor-element elementor-element-4b15c0c elementor-widget elementor-widget-text-editor\" data-id=\"4b15c0c\" data-element_type=\"widget\" data-widget_type=\"text-editor.default\">\n\t\t\t\t<div class=\"elementor-widget-container\">\n\t\t\t\t\t\t\tPINAR SA\u011eLIK H\u0130ZMETLER\u0130 LTD.\u015eT\u0130., ISO 13485:2016 ve CE Standard\u0131n\u0131n \u00f6ng\u00f6rd\u00fc\u011f\u00fc \u015fartlara uygun olarak ihtiya\u00e7 duydu\u011fu s\u00fcre\u00e7leri belirlemi\u015f, kalite y\u00f6netim sistemini olu\u015fturmu\u015f, dok\u00fcmante etmi\u015f, uygulam\u0131\u015f, s\u00fcreklili\u011fini sa\u011flam\u0131\u015ft\u0131r. Sistemin etkinli\u011fini s\u00fcrekli iyile\u015ftirmektedir. <br><br>\n\nBu s\u00fcre\u00e7ler proseslerin etkin olarak \u00e7al\u0131\u015ft\u0131r\u0131lmas\u0131, izlenmesi, \u00f6l\u00e7\u00fclmesi, analiz edilmesi i\u00e7in gerekli kriter ve metodlar\u0131 belirlemi\u015f ve hedeflere ula\u015fmak i\u00e7in gerekli faaliyetleri y\u00fcr\u00fctmektedir.\t\t\t\t\t\t<\/div>\n\t\t\t\t<\/div>\n\t\t\t\t\t<\/div>\n\t\t<\/div>\n\t\t\t\t\t\t\t<\/div>\n\t\t<\/section>\n\t\t\t\t<section class=\"elementor-section elementor-top-section elementor-element elementor-element-166b8ab elementor-section-boxed elementor-section-height-default elementor-section-height-default\" data-id=\"166b8ab\" data-element_type=\"section\">\n\t\t\t\t\t\t<div class=\"elementor-container elementor-column-gap-default\">\n\t\t\t\t\t<div class=\"elementor-column elementor-col-100 elementor-top-column elementor-element elementor-element-7094686\" data-id=\"7094686\" data-element_type=\"column\">\n\t\t\t<div class=\"elementor-widget-wrap\">\n\t\t\t\t\t\t\t\t\t<\/div>\n\t\t<\/div>\n\t\t\t\t\t\t\t<\/div>\n\t\t<\/section>\n\t\t\t\t\t\t\t<\/div>\n\t\t","protected":false},"excerpt":{"rendered":"<p>P\u0131nar Sa\u011fl\u0131k Hizmetleri 1987 y\u0131l\u0131nda Ankara\u2019da sa\u011fl\u0131\u011f\u0131m\u0131z i\u00e7in medikal alanda teknolojinin geli\u015fimini takip ederek, bu geli\u015fmeleri herkes taraf\u0131ndan kullan\u0131labilir k\u0131lmak amac\u0131yla kurulmu\u015ftur. Az g\u00f6renler i\u00e7in yard\u0131mc\u0131 y\u00f6ntemlerden biri olan \u201cTeleskopik G\u00f6zl\u00fck\u201d sat\u0131\u015f\u0131 ile hayat\u0131na ba\u015flam\u0131\u015f, kontakt lens ve medikal \u00f6rt\u00fc setleri ile yoluna devam etmi\u015ftir. \u015eimdi ise \u2018EASY Smear \u2013 Tek Kullan\u0131ml\u0131k Steril Smear Aparat\u0131\u2019<\/p>\n<div class=\"klb-readmore\"><a class=\"c-btn\" href=\"https:\/\/pinars.com.tr\/\">Read More <i class=\"far fa-plus\"><\/i><\/a><\/div>\n","protected":false},"author":1,"featured_media":0,"parent":0,"menu_order":0,"comment_status":"closed","ping_status":"closed","template":"","meta":{"om_disable_all_campaigns":false,"_monsterinsights_skip_tracking":false,"_monsterinsights_sitenote_active":false,"_monsterinsights_sitenote_note":"","_monsterinsights_sitenote_category":0,"footnotes":""},"class_list":["post-21","page","type-page","status-publish","hentry"],"_links":{"self":[{"href":"https:\/\/pinars.com.tr\/index.php\/wp-json\/wp\/v2\/pages\/21","targetHints":{"allow":["GET"]}}],"collection":[{"href":"https:\/\/pinars.com.tr\/index.php\/wp-json\/wp\/v2\/pages"}],"about":[{"href":"https:\/\/pinars.com.tr\/index.php\/wp-json\/wp\/v2\/types\/page"}],"author":[{"embeddable":true,"href":"https:\/\/pinars.com.tr\/index.php\/wp-json\/wp\/v2\/users\/1"}],"replies":[{"embeddable":true,"href":"https:\/\/pinars.com.tr\/index.php\/wp-json\/wp\/v2\/comments?post=21"}],"version-history":[{"count":80,"href":"https:\/\/pinars.com.tr\/index.php\/wp-json\/wp\/v2\/pages\/21\/revisions"}],"predecessor-version":[{"id":1270,"href":"https:\/\/pinars.com.tr\/index.php\/wp-json\/wp\/v2\/pages\/21\/revisions\/1270"}],"wp:attachment":[{"href":"https:\/\/pinars.com.tr\/index.php\/wp-json\/wp\/v2\/media?parent=21"}],"curies":[{"name":"wp","href":"https:\/\/api.w.org\/{rel}","templated":true}]}}