{"id":698,"date":"2023-01-24T15:00:22","date_gmt":"2023-01-24T15:00:22","guid":{"rendered":"https:\/\/pinarsaglik.com\/?page_id=698"},"modified":"2023-02-10T14:04:20","modified_gmt":"2023-02-10T14:04:20","slug":"gyn-smear","status":"publish","type":"page","link":"https:\/\/pinars.com.tr\/index.php\/gyn-smear\/","title":{"rendered":"Gyn Smear"},"content":{"rendered":"\t\t<div data-elementor-type=\"wp-page\" data-elementor-id=\"698\" class=\"elementor elementor-698\">\n\t\t\t\t\t\t\t\t\t<section class=\"elementor-section elementor-top-section elementor-element elementor-element-8c9925b elementor-section-full_width elementor-section-height-default elementor-section-height-default\" data-id=\"8c9925b\" data-element_type=\"section\">\n\t\t\t\t\t\t<div class=\"elementor-container elementor-column-gap-default\">\n\t\t\t\t\t<div class=\"elementor-column elementor-col-100 elementor-top-column elementor-element elementor-element-f4508b9\" data-id=\"f4508b9\" data-element_type=\"column\">\n\t\t\t<div class=\"elementor-widget-wrap elementor-element-populated\">\n\t\t\t\t\t\t\t\t<div class=\"elementor-element elementor-element-032e64f elementor-widget elementor-widget-medibazar-custom-title\" data-id=\"032e64f\" data-element_type=\"widget\" data-widget_type=\"medibazar-custom-title.default\">\n\t\t\t\t<div class=\"elementor-widget-container\">\n\t\t\t<div class=\"section-title text-center\"><h2>GYN Smear<\/h2><p>Tek Kullan\u0131ml\u0131k Steril Smear Aparat\u0131<\/p><\/div>\t\t<\/div>\n\t\t\t\t<\/div>\n\t\t\t\t<div class=\"elementor-element elementor-element-8605a72 elementor-widget elementor-widget-image\" data-id=\"8605a72\" data-element_type=\"widget\" data-widget_type=\"image.default\">\n\t\t\t\t<div class=\"elementor-widget-container\">\n\t\t\t<style>\/*! elementor - v3.18.0 - 08-12-2023 *\/\n.elementor-widget-image{text-align:center}.elementor-widget-image a{display:inline-block}.elementor-widget-image a img[src$=\".svg\"]{width:48px}.elementor-widget-image img{vertical-align:middle;display:inline-block}<\/style>\t\t\t\t\t\t\t\t\t\t\t\t<img fetchpriority=\"high\" decoding=\"async\" width=\"960\" height=\"409\" src=\"https:\/\/pinars.com.tr\/wp-content\/uploads\/2023\/01\/gyn_box-1024x436.jpg\" class=\"attachment-large size-large wp-image-609\" alt=\"\" srcset=\"https:\/\/pinars.com.tr\/wp-content\/uploads\/2023\/01\/gyn_box-1024x436.jpg 1024w, https:\/\/pinars.com.tr\/wp-content\/uploads\/2023\/01\/gyn_box-90x38.jpg 90w, https:\/\/pinars.com.tr\/wp-content\/uploads\/2023\/01\/gyn_box-600x255.jpg 600w, https:\/\/pinars.com.tr\/wp-content\/uploads\/2023\/01\/gyn_box-300x128.jpg 300w, https:\/\/pinars.com.tr\/wp-content\/uploads\/2023\/01\/gyn_box-768x327.jpg 768w, https:\/\/pinars.com.tr\/wp-content\/uploads\/2023\/01\/gyn_box-1536x654.jpg 1536w, https:\/\/pinars.com.tr\/wp-content\/uploads\/2023\/01\/gyn_box.jpg 2000w\" sizes=\"(max-width: 960px) 100vw, 960px\" \/>\t\t\t\t\t\t\t\t\t\t\t\t\t\t\t<\/div>\n\t\t\t\t<\/div>\n\t\t\t\t\t<\/div>\n\t\t<\/div>\n\t\t\t\t\t\t\t<\/div>\n\t\t<\/section>\n\t\t\t\t<section class=\"elementor-section elementor-top-section elementor-element elementor-element-5bbea92 elementor-section-boxed elementor-section-height-default elementor-section-height-default\" data-id=\"5bbea92\" data-element_type=\"section\">\n\t\t\t\t\t\t<div class=\"elementor-container elementor-column-gap-default\">\n\t\t\t\t\t<div class=\"elementor-column elementor-col-33 elementor-top-column elementor-element elementor-element-5c8cbf6\" data-id=\"5c8cbf6\" data-element_type=\"column\">\n\t\t\t<div class=\"elementor-widget-wrap elementor-element-populated\">\n\t\t\t\t\t\t\t\t<div class=\"elementor-element elementor-element-b59ebe2 elementor-widget elementor-widget-text-editor\" data-id=\"b59ebe2\" data-element_type=\"widget\" data-widget_type=\"text-editor.default\">\n\t\t\t\t<div class=\"elementor-widget-container\">\n\t\t\t<style>\/*! elementor - v3.18.0 - 08-12-2023 *\/\n.elementor-widget-text-editor.elementor-drop-cap-view-stacked .elementor-drop-cap{background-color:#69727d;color:#fff}.elementor-widget-text-editor.elementor-drop-cap-view-framed .elementor-drop-cap{color:#69727d;border:3px solid;background-color:transparent}.elementor-widget-text-editor:not(.elementor-drop-cap-view-default) .elementor-drop-cap{margin-top:8px}.elementor-widget-text-editor:not(.elementor-drop-cap-view-default) .elementor-drop-cap-letter{width:1em;height:1em}.elementor-widget-text-editor .elementor-drop-cap{float:left;text-align:center;line-height:1;font-size:50px}.elementor-widget-text-editor .elementor-drop-cap-letter{display:inline-block}<\/style>\t\t\t\t<p>Jinekologlar\u0131n kullan\u0131m\u0131 i\u00e7in tasarlanm\u0131\u015f olan Gyn Smear f\u0131r\u00e7as\u0131n\u0131n ucu yuvarlak oldu\u011fu i\u00e7in doku almak daha kolay. Her muayenesinde steril tek kullan\u0131ml\u0131k bir Gyn Smear smear f\u0131r\u00e7as\u0131 paketi a\u00e7acak olan doktora kolayl\u0131k sa\u011flamak amac\u0131yla Gyn Smear tek tek paketlenip steril edildikten sonra 50\u2019lik olarak kutulan\u0131r.<\/p>\t\t\t\t\t\t<\/div>\n\t\t\t\t<\/div>\n\t\t\t\t\t<\/div>\n\t\t<\/div>\n\t\t\t\t<div class=\"elementor-column elementor-col-33 elementor-top-column elementor-element elementor-element-478028c\" data-id=\"478028c\" data-element_type=\"column\">\n\t\t\t<div class=\"elementor-widget-wrap elementor-element-populated\">\n\t\t\t\t\t\t\t\t<div class=\"elementor-element elementor-element-ac1fd19 elementor-widget elementor-widget-image\" data-id=\"ac1fd19\" data-element_type=\"widget\" data-widget_type=\"image.default\">\n\t\t\t\t<div class=\"elementor-widget-container\">\n\t\t\t\t\t\t\t\t\t\t\t\t\t\t\t<img decoding=\"async\" width=\"94\" height=\"300\" src=\"https:\/\/pinars.com.tr\/wp-content\/uploads\/2023\/01\/MFT_0813-e1676037457749-94x300.jpg\" class=\"attachment-medium size-medium wp-image-931\" alt=\"\" srcset=\"https:\/\/pinars.com.tr\/wp-content\/uploads\/2023\/01\/MFT_0813-e1676037457749-94x300.jpg 94w, https:\/\/pinars.com.tr\/wp-content\/uploads\/2023\/01\/MFT_0813-e1676037457749-322x1024.jpg 322w, https:\/\/pinars.com.tr\/wp-content\/uploads\/2023\/01\/MFT_0813-e1676037457749-483x1536.jpg 483w, https:\/\/pinars.com.tr\/wp-content\/uploads\/2023\/01\/MFT_0813-e1676037457749-644x2048.jpg 644w, https:\/\/pinars.com.tr\/wp-content\/uploads\/2023\/01\/MFT_0813-e1676037457749-600x1907.jpg 600w, https:\/\/pinars.com.tr\/wp-content\/uploads\/2023\/01\/MFT_0813-e1676037457749-17x54.jpg 17w, https:\/\/pinars.com.tr\/wp-content\/uploads\/2023\/01\/MFT_0813-e1676037457749.jpg 767w\" sizes=\"(max-width: 94px) 100vw, 94px\" \/>\t\t\t\t\t\t\t\t\t\t\t\t\t\t\t<\/div>\n\t\t\t\t<\/div>\n\t\t\t\t\t<\/div>\n\t\t<\/div>\n\t\t\t\t<div class=\"elementor-column elementor-col-33 elementor-top-column elementor-element elementor-element-03284e0\" data-id=\"03284e0\" data-element_type=\"column\">\n\t\t\t<div class=\"elementor-widget-wrap elementor-element-populated\">\n\t\t\t\t\t\t\t\t<div class=\"elementor-element elementor-element-47dc603 elementor-hidden-tablet elementor-hidden-mobile elementor-widget elementor-widget-image\" data-id=\"47dc603\" data-element_type=\"widget\" data-widget_type=\"image.default\">\n\t\t\t\t<div class=\"elementor-widget-container\">\n\t\t\t\t\t\t\t\t\t\t\t\t\t\t\t<img decoding=\"async\" width=\"768\" height=\"432\" src=\"https:\/\/pinars.com.tr\/wp-content\/uploads\/2023\/01\/MFT_3555-768x432.jpg\" class=\"attachment-medium_large size-medium_large wp-image-934\" alt=\"\" srcset=\"https:\/\/pinars.com.tr\/wp-content\/uploads\/2023\/01\/MFT_3555-768x432.jpg 768w, https:\/\/pinars.com.tr\/wp-content\/uploads\/2023\/01\/MFT_3555-300x169.jpg 300w, https:\/\/pinars.com.tr\/wp-content\/uploads\/2023\/01\/MFT_3555-1024x576.jpg 1024w, https:\/\/pinars.com.tr\/wp-content\/uploads\/2023\/01\/MFT_3555-1536x864.jpg 1536w, https:\/\/pinars.com.tr\/wp-content\/uploads\/2023\/01\/MFT_3555-2048x1151.jpg 2048w, https:\/\/pinars.com.tr\/wp-content\/uploads\/2023\/01\/MFT_3555-600x337.jpg 600w, https:\/\/pinars.com.tr\/wp-content\/uploads\/2023\/01\/MFT_3555-90x51.jpg 90w\" sizes=\"(max-width: 768px) 100vw, 768px\" \/>\t\t\t\t\t\t\t\t\t\t\t\t\t\t\t<\/div>\n\t\t\t\t<\/div>\n\t\t\t\t\t<\/div>\n\t\t<\/div>\n\t\t\t\t\t\t\t<\/div>\n\t\t<\/section>\n\t\t\t\t<section class=\"elementor-section elementor-top-section elementor-element elementor-element-db672a7 elementor-section-boxed elementor-section-height-default elementor-section-height-default\" data-id=\"db672a7\" data-element_type=\"section\">\n\t\t\t\t\t\t<div class=\"elementor-container elementor-column-gap-default\">\n\t\t\t\t\t<div class=\"elementor-column elementor-col-100 elementor-top-column elementor-element elementor-element-eea5fb9\" data-id=\"eea5fb9\" data-element_type=\"column\">\n\t\t\t<div class=\"elementor-widget-wrap elementor-element-populated\">\n\t\t\t\t\t\t\t\t<section class=\"elementor-section elementor-inner-section elementor-element elementor-element-0c6fd27 elementor-section-boxed elementor-section-height-default elementor-section-height-default\" data-id=\"0c6fd27\" data-element_type=\"section\">\n\t\t\t\t\t\t<div class=\"elementor-container elementor-column-gap-default\">\n\t\t\t\t\t<div class=\"elementor-column elementor-col-50 elementor-inner-column elementor-element elementor-element-30e27da\" data-id=\"30e27da\" data-element_type=\"column\">\n\t\t\t<div class=\"elementor-widget-wrap elementor-element-populated\">\n\t\t\t\t\t\t\t\t<div class=\"elementor-element elementor-element-a712653 elementor-widget elementor-widget-image\" data-id=\"a712653\" data-element_type=\"widget\" data-widget_type=\"image.default\">\n\t\t\t\t<div class=\"elementor-widget-container\">\n\t\t\t\t\t\t\t\t\t\t\t\t\t\t\t<img loading=\"lazy\" decoding=\"async\" width=\"280\" height=\"300\" src=\"https:\/\/pinars.com.tr\/wp-content\/uploads\/2023\/02\/firca_ucu-280x300.jpg\" class=\"attachment-medium size-medium wp-image-1319\" alt=\"\" srcset=\"https:\/\/pinars.com.tr\/wp-content\/uploads\/2023\/02\/firca_ucu-280x300.jpg 280w, https:\/\/pinars.com.tr\/wp-content\/uploads\/2023\/02\/firca_ucu-600x644.jpg 600w, https:\/\/pinars.com.tr\/wp-content\/uploads\/2023\/02\/firca_ucu-50x54.jpg 50w, https:\/\/pinars.com.tr\/wp-content\/uploads\/2023\/02\/firca_ucu.jpg 700w\" sizes=\"(max-width: 280px) 100vw, 280px\" \/>\t\t\t\t\t\t\t\t\t\t\t\t\t\t\t<\/div>\n\t\t\t\t<\/div>\n\t\t\t\t\t<\/div>\n\t\t<\/div>\n\t\t\t\t<div class=\"elementor-column elementor-col-50 elementor-inner-column elementor-element elementor-element-f57ebec\" data-id=\"f57ebec\" data-element_type=\"column\">\n\t\t\t<div class=\"elementor-widget-wrap elementor-element-populated\">\n\t\t\t\t\t\t\t\t<div class=\"elementor-element elementor-element-748e224 elementor-widget elementor-widget-heading\" data-id=\"748e224\" data-element_type=\"widget\" data-widget_type=\"heading.default\">\n\t\t\t\t<div class=\"elementor-widget-container\">\n\t\t\t<style>\/*! elementor - v3.18.0 - 08-12-2023 *\/\n.elementor-heading-title{padding:0;margin:0;line-height:1}.elementor-widget-heading .elementor-heading-title[class*=elementor-size-]>a{color:inherit;font-size:inherit;line-height:inherit}.elementor-widget-heading .elementor-heading-title.elementor-size-small{font-size:15px}.elementor-widget-heading .elementor-heading-title.elementor-size-medium{font-size:19px}.elementor-widget-heading .elementor-heading-title.elementor-size-large{font-size:29px}.elementor-widget-heading .elementor-heading-title.elementor-size-xl{font-size:39px}.elementor-widget-heading .elementor-heading-title.elementor-size-xxl{font-size:59px}<\/style><h4 class=\"elementor-heading-title elementor-size-default\">Neden Konik U\u00e7lu F\u0131r\u00e7a?<\/h4>\t\t<\/div>\n\t\t\t\t<\/div>\n\t\t\t\t<div class=\"elementor-element elementor-element-b8f1fe7 elementor-widget elementor-widget-text-editor\" data-id=\"b8f1fe7\" data-element_type=\"widget\" data-widget_type=\"text-editor.default\">\n\t\t\t\t<div class=\"elementor-widget-container\">\n\t\t\t\t\t\t\t<p class=\"p1\">Yu\u0308zey alan\u0131 \u00e7am tipi ve rimel tipine g\u00f6re daha geni\u015f ve f\u0131r\u00e7a ucunda daha fazla k\u0131l oldu\u011fu i\u00e7in\u00a0daha fazla hu\u0308cre alma ve \u015fekli itibariyle onu koruma \u015fans\u0131 yu\u0308ksek.<\/p><p class=\"p1\">Yap\u0131lan \u00e7al\u0131\u015fmada hem endoserviks ve ektoserviks hu\u0308crelerinin al\u0131nmas\u0131nda %100 sonu\u00e7 elde edildi.<\/p>\t\t\t\t\t\t<\/div>\n\t\t\t\t<\/div>\n\t\t\t\t\t<\/div>\n\t\t<\/div>\n\t\t\t\t\t\t\t<\/div>\n\t\t<\/section>\n\t\t\t\t\t<\/div>\n\t\t<\/div>\n\t\t\t\t\t\t\t<\/div>\n\t\t<\/section>\n\t\t\t\t\t\t\t<\/div>\n\t\t","protected":false},"excerpt":{"rendered":"<p>GYN Smear Tek Kullan\u0131ml\u0131k Steril Smear Aparat\u0131 Jinekologlar\u0131n kullan\u0131m\u0131 i\u00e7in tasarlanm\u0131\u015f olan Gyn Smear f\u0131r\u00e7as\u0131n\u0131n ucu yuvarlak oldu\u011fu i\u00e7in doku almak daha kolay. Her muayenesinde steril tek kullan\u0131ml\u0131k bir Gyn Smear smear f\u0131r\u00e7as\u0131 paketi a\u00e7acak olan doktora kolayl\u0131k sa\u011flamak amac\u0131yla Gyn Smear tek tek paketlenip steril edildikten sonra 50\u2019lik olarak kutulan\u0131r. Neden Konik U\u00e7lu F\u0131r\u00e7a?<\/p>\n<div class=\"klb-readmore\"><a class=\"c-btn\" href=\"https:\/\/pinars.com.tr\/index.php\/gyn-smear\/\">Read More <i class=\"far fa-plus\"><\/i><\/a><\/div>\n","protected":false},"author":1,"featured_media":0,"parent":0,"menu_order":0,"comment_status":"closed","ping_status":"closed","template":"elementor_theme","meta":{"om_disable_all_campaigns":false,"_monsterinsights_skip_tracking":false,"_monsterinsights_sitenote_active":false,"_monsterinsights_sitenote_note":"","_monsterinsights_sitenote_category":0,"footnotes":""},"class_list":["post-698","page","type-page","status-publish","hentry"],"_links":{"self":[{"href":"https:\/\/pinars.com.tr\/index.php\/wp-json\/wp\/v2\/pages\/698","targetHints":{"allow":["GET"]}}],"collection":[{"href":"https:\/\/pinars.com.tr\/index.php\/wp-json\/wp\/v2\/pages"}],"about":[{"href":"https:\/\/pinars.com.tr\/index.php\/wp-json\/wp\/v2\/types\/page"}],"author":[{"embeddable":true,"href":"https:\/\/pinars.com.tr\/index.php\/wp-json\/wp\/v2\/users\/1"}],"replies":[{"embeddable":true,"href":"https:\/\/pinars.com.tr\/index.php\/wp-json\/wp\/v2\/comments?post=698"}],"version-history":[{"count":79,"href":"https:\/\/pinars.com.tr\/index.php\/wp-json\/wp\/v2\/pages\/698\/revisions"}],"predecessor-version":[{"id":1433,"href":"https:\/\/pinars.com.tr\/index.php\/wp-json\/wp\/v2\/pages\/698\/revisions\/1433"}],"wp:attachment":[{"href":"https:\/\/pinars.com.tr\/index.php\/wp-json\/wp\/v2\/media?parent=698"}],"curies":[{"name":"wp","href":"https:\/\/api.w.org\/{rel}","templated":true}]}}