{"id":711,"date":"2023-01-24T15:06:04","date_gmt":"2023-01-24T15:06:04","guid":{"rendered":"https:\/\/pinarsaglik.com\/?page_id=711"},"modified":"2023-01-26T16:31:53","modified_gmt":"2023-01-26T16:31:53","slug":"easy-smear-cell-preservative","status":"publish","type":"page","link":"https:\/\/pinars.com.tr\/index.php\/easy-smear-cell-preservative\/","title":{"rendered":"H\u00fccre Koruyucu"},"content":{"rendered":"\t\t<div data-elementor-type=\"wp-page\" data-elementor-id=\"711\" class=\"elementor elementor-711\">\n\t\t\t\t\t\t\t\t\t<section class=\"elementor-section elementor-top-section elementor-element elementor-element-9ce8bf0 elementor-section-boxed elementor-section-height-default elementor-section-height-default\" data-id=\"9ce8bf0\" data-element_type=\"section\">\n\t\t\t\t\t\t<div class=\"elementor-container elementor-column-gap-default\">\n\t\t\t\t\t<div class=\"elementor-column elementor-col-100 elementor-top-column elementor-element elementor-element-79fe68a\" data-id=\"79fe68a\" data-element_type=\"column\">\n\t\t\t<div class=\"elementor-widget-wrap\">\n\t\t\t\t\t\t\t\t\t<\/div>\n\t\t<\/div>\n\t\t\t\t\t\t\t<\/div>\n\t\t<\/section>\n\t\t\t\t<section class=\"elementor-section elementor-top-section elementor-element elementor-element-d9eb323 elementor-section-full_width elementor-section-height-default elementor-section-height-default\" data-id=\"d9eb323\" data-element_type=\"section\">\n\t\t\t\t\t\t<div class=\"elementor-container elementor-column-gap-default\">\n\t\t\t\t\t<div class=\"elementor-column elementor-col-100 elementor-top-column elementor-element elementor-element-9134788\" data-id=\"9134788\" data-element_type=\"column\">\n\t\t\t<div class=\"elementor-widget-wrap elementor-element-populated\">\n\t\t\t\t\t\t\t\t<div class=\"elementor-element elementor-element-58aa062 elementor-widget elementor-widget-medibazar-custom-title\" data-id=\"58aa062\" data-element_type=\"widget\" data-widget_type=\"medibazar-custom-title.default\">\n\t\t\t\t<div class=\"elementor-widget-container\">\n\t\t\t<div class=\"section-title text-center\"><h2>Easy Smear - Cell Preservative<\/h2><p>H\u00fccre Koruyucu Sol\u00fcsyon<\/p><\/div>\t\t<\/div>\n\t\t\t\t<\/div>\n\t\t\t\t<div class=\"elementor-element elementor-element-85c7ea5 elementor-widget elementor-widget-image\" data-id=\"85c7ea5\" data-element_type=\"widget\" data-widget_type=\"image.default\">\n\t\t\t\t<div class=\"elementor-widget-container\">\n\t\t\t<style>\/*! elementor - v3.18.0 - 08-12-2023 *\/\n.elementor-widget-image{text-align:center}.elementor-widget-image a{display:inline-block}.elementor-widget-image a img[src$=\".svg\"]{width:48px}.elementor-widget-image img{vertical-align:middle;display:inline-block}<\/style>\t\t\t\t\t\t\t\t\t\t\t\t<img fetchpriority=\"high\" decoding=\"async\" width=\"960\" height=\"540\" src=\"https:\/\/pinars.com.tr\/wp-content\/uploads\/2023\/01\/DSC_0583-2-1024x576.jpg\" class=\"attachment-large size-large wp-image-928\" alt=\"\" srcset=\"https:\/\/pinars.com.tr\/wp-content\/uploads\/2023\/01\/DSC_0583-2-1024x576.jpg 1024w, https:\/\/pinars.com.tr\/wp-content\/uploads\/2023\/01\/DSC_0583-2-300x169.jpg 300w, https:\/\/pinars.com.tr\/wp-content\/uploads\/2023\/01\/DSC_0583-2-768x432.jpg 768w, https:\/\/pinars.com.tr\/wp-content\/uploads\/2023\/01\/DSC_0583-2-1536x864.jpg 1536w, https:\/\/pinars.com.tr\/wp-content\/uploads\/2023\/01\/DSC_0583-2-2048x1152.jpg 2048w, https:\/\/pinars.com.tr\/wp-content\/uploads\/2023\/01\/DSC_0583-2-600x337.jpg 600w, https:\/\/pinars.com.tr\/wp-content\/uploads\/2023\/01\/DSC_0583-2-90x51.jpg 90w\" sizes=\"(max-width: 960px) 100vw, 960px\" \/>\t\t\t\t\t\t\t\t\t\t\t\t\t\t\t<\/div>\n\t\t\t\t<\/div>\n\t\t\t\t\t<\/div>\n\t\t<\/div>\n\t\t\t\t\t\t\t<\/div>\n\t\t<\/section>\n\t\t\t\t<section class=\"elementor-section elementor-top-section elementor-element elementor-element-626abf7 elementor-section-boxed elementor-section-height-default elementor-section-height-default\" data-id=\"626abf7\" data-element_type=\"section\">\n\t\t\t\t\t\t<div class=\"elementor-container elementor-column-gap-default\">\n\t\t\t\t\t<div class=\"elementor-column elementor-col-50 elementor-top-column elementor-element elementor-element-75081ba\" data-id=\"75081ba\" data-element_type=\"column\">\n\t\t\t<div class=\"elementor-widget-wrap elementor-element-populated\">\n\t\t\t\t\t\t\t\t<div class=\"elementor-element elementor-element-52cbc8b elementor-widget elementor-widget-text-editor\" data-id=\"52cbc8b\" data-element_type=\"widget\" data-widget_type=\"text-editor.default\">\n\t\t\t\t<div class=\"elementor-widget-container\">\n\t\t\t<style>\/*! elementor - v3.18.0 - 08-12-2023 *\/\n.elementor-widget-text-editor.elementor-drop-cap-view-stacked .elementor-drop-cap{background-color:#69727d;color:#fff}.elementor-widget-text-editor.elementor-drop-cap-view-framed .elementor-drop-cap{color:#69727d;border:3px solid;background-color:transparent}.elementor-widget-text-editor:not(.elementor-drop-cap-view-default) .elementor-drop-cap{margin-top:8px}.elementor-widget-text-editor:not(.elementor-drop-cap-view-default) .elementor-drop-cap-letter{width:1em;height:1em}.elementor-widget-text-editor .elementor-drop-cap{float:left;text-align:center;line-height:1;font-size:50px}.elementor-widget-text-editor .elementor-drop-cap-letter{display:inline-block}<\/style>\t\t\t\t<p>H\u00fccre Koruyucu Sol\u00fcsyon, Easy Smear (Tek Kullan\u0131ml\u0131k Steril Smear Aparat\u0131) ile ya da Gyn Smear (Smear F\u0131r\u00e7as\u0131) ile ya da tercih edilen herhangi bir smear f\u0131r\u00e7as\u0131 ile kullan\u0131labilir. Al\u0131nan smear \u00f6rne\u011finin laboratuvara g\u00fcvenli bir \u015fekilde ula\u015fmas\u0131n\u0131 sa\u011flar. Lama s\u00fcr\u00fcnt\u00fcn\u00fcn aktar\u0131lmas\u0131ndan daha kolayd\u0131r. Kullan\u0131lan f\u0131r\u00e7an\u0131n ucunun sol\u00fcsyonun i\u00e7ine at\u0131lmas\u0131 yeterlidir. \u015ei\u015feler 8cc h\u00fccre koruyucu sol\u00fcsyon olarak haz\u0131rlan\u0131r. 25 adet kilitli kapakl\u0131 \u015fi\u015fe olarak kutulan\u0131r.<\/p>\t\t\t\t\t\t<\/div>\n\t\t\t\t<\/div>\n\t\t\t\t\t<\/div>\n\t\t<\/div>\n\t\t\t\t<div class=\"elementor-column elementor-col-50 elementor-top-column elementor-element elementor-element-41b2cea\" data-id=\"41b2cea\" data-element_type=\"column\">\n\t\t\t<div class=\"elementor-widget-wrap elementor-element-populated\">\n\t\t\t\t\t\t\t\t<div class=\"elementor-element elementor-element-8a1bc72 elementor-widget elementor-widget-image\" data-id=\"8a1bc72\" data-element_type=\"widget\" data-widget_type=\"image.default\">\n\t\t\t\t<div class=\"elementor-widget-container\">\n\t\t\t\t\t\t\t\t\t\t\t\t\t\t\t<img decoding=\"async\" width=\"960\" height=\"625\" src=\"https:\/\/pinars.com.tr\/wp-content\/uploads\/2023\/01\/DSC_0586-1024x667.jpg\" class=\"attachment-large size-large wp-image-930\" alt=\"\" srcset=\"https:\/\/pinars.com.tr\/wp-content\/uploads\/2023\/01\/DSC_0586-1024x667.jpg 1024w, https:\/\/pinars.com.tr\/wp-content\/uploads\/2023\/01\/DSC_0586-300x195.jpg 300w, https:\/\/pinars.com.tr\/wp-content\/uploads\/2023\/01\/DSC_0586-768x500.jpg 768w, https:\/\/pinars.com.tr\/wp-content\/uploads\/2023\/01\/DSC_0586-600x391.jpg 600w, https:\/\/pinars.com.tr\/wp-content\/uploads\/2023\/01\/DSC_0586-83x54.jpg 83w, https:\/\/pinars.com.tr\/wp-content\/uploads\/2023\/01\/DSC_0586.jpg 1506w\" sizes=\"(max-width: 960px) 100vw, 960px\" \/>\t\t\t\t\t\t\t\t\t\t\t\t\t\t\t<\/div>\n\t\t\t\t<\/div>\n\t\t\t\t\t<\/div>\n\t\t<\/div>\n\t\t\t\t\t\t\t<\/div>\n\t\t<\/section>\n\t\t\t\t\t\t\t<\/div>\n\t\t","protected":false},"excerpt":{"rendered":"<p>Easy Smear &#8211; Cell Preservative H\u00fccre Koruyucu Sol\u00fcsyon H\u00fccre Koruyucu Sol\u00fcsyon, Easy Smear (Tek Kullan\u0131ml\u0131k Steril Smear Aparat\u0131) ile ya da Gyn Smear (Smear F\u0131r\u00e7as\u0131) ile ya da tercih edilen herhangi bir smear f\u0131r\u00e7as\u0131 ile kullan\u0131labilir. Al\u0131nan smear \u00f6rne\u011finin laboratuvara g\u00fcvenli bir \u015fekilde ula\u015fmas\u0131n\u0131 sa\u011flar. Lama s\u00fcr\u00fcnt\u00fcn\u00fcn aktar\u0131lmas\u0131ndan daha kolayd\u0131r. Kullan\u0131lan f\u0131r\u00e7an\u0131n ucunun sol\u00fcsyonun i\u00e7ine<\/p>\n<div class=\"klb-readmore\"><a class=\"c-btn\" href=\"https:\/\/pinars.com.tr\/index.php\/easy-smear-cell-preservative\/\">Read More <i class=\"far fa-plus\"><\/i><\/a><\/div>\n","protected":false},"author":1,"featured_media":0,"parent":0,"menu_order":0,"comment_status":"closed","ping_status":"closed","template":"","meta":{"om_disable_all_campaigns":false,"_monsterinsights_skip_tracking":false,"_monsterinsights_sitenote_active":false,"_monsterinsights_sitenote_note":"","_monsterinsights_sitenote_category":0,"footnotes":""},"class_list":["post-711","page","type-page","status-publish","hentry"],"_links":{"self":[{"href":"https:\/\/pinars.com.tr\/index.php\/wp-json\/wp\/v2\/pages\/711","targetHints":{"allow":["GET"]}}],"collection":[{"href":"https:\/\/pinars.com.tr\/index.php\/wp-json\/wp\/v2\/pages"}],"about":[{"href":"https:\/\/pinars.com.tr\/index.php\/wp-json\/wp\/v2\/types\/page"}],"author":[{"embeddable":true,"href":"https:\/\/pinars.com.tr\/index.php\/wp-json\/wp\/v2\/users\/1"}],"replies":[{"embeddable":true,"href":"https:\/\/pinars.com.tr\/index.php\/wp-json\/wp\/v2\/comments?post=711"}],"version-history":[{"count":14,"href":"https:\/\/pinars.com.tr\/index.php\/wp-json\/wp\/v2\/pages\/711\/revisions"}],"predecessor-version":[{"id":1271,"href":"https:\/\/pinars.com.tr\/index.php\/wp-json\/wp\/v2\/pages\/711\/revisions\/1271"}],"wp:attachment":[{"href":"https:\/\/pinars.com.tr\/index.php\/wp-json\/wp\/v2\/media?parent=711"}],"curies":[{"name":"wp","href":"https:\/\/api.w.org\/{rel}","templated":true}]}}