{"id":723,"date":"2023-01-24T15:14:07","date_gmt":"2023-01-24T15:14:07","guid":{"rendered":"https:\/\/pinarsaglik.com\/?page_id=723"},"modified":"2023-01-26T14:47:34","modified_gmt":"2023-01-26T14:47:34","slug":"opu-seti","status":"publish","type":"page","link":"https:\/\/pinars.com.tr\/index.php\/opu-seti\/","title":{"rendered":"OPU Seti"},"content":{"rendered":"\t\t<div data-elementor-type=\"wp-page\" data-elementor-id=\"723\" class=\"elementor elementor-723\">\n\t\t\t\t\t\t\t\t\t<section class=\"elementor-section elementor-top-section elementor-element elementor-element-ddef4e9 elementor-section-full_width elementor-section-height-default elementor-section-height-default\" data-id=\"ddef4e9\" data-element_type=\"section\">\n\t\t\t\t\t\t<div class=\"elementor-container elementor-column-gap-default\">\n\t\t\t\t\t<div class=\"elementor-column elementor-col-100 elementor-top-column elementor-element elementor-element-91a43f4\" data-id=\"91a43f4\" data-element_type=\"column\">\n\t\t\t<div class=\"elementor-widget-wrap elementor-element-populated\">\n\t\t\t\t\t\t\t\t<div class=\"elementor-element elementor-element-c1e9511 elementor-widget elementor-widget-medibazar-custom-title\" data-id=\"c1e9511\" data-element_type=\"widget\" data-widget_type=\"medibazar-custom-title.default\">\n\t\t\t\t<div class=\"elementor-widget-container\">\n\t\t\t<div class=\"section-title text-center\"><h2>OPU Seti<\/h2><p>Tek kullan\u0131ml\u0131k steril \u00f6rt\u00fc seti<\/p><\/div>\t\t<\/div>\n\t\t\t\t<\/div>\n\t\t\t\t<div class=\"elementor-element elementor-element-9cd1a41 elementor-invisible elementor-widget elementor-widget-image\" data-id=\"9cd1a41\" data-element_type=\"widget\" data-settings=\"{&quot;_animation&quot;:&quot;fadeInUp&quot;}\" data-widget_type=\"image.default\">\n\t\t\t\t<div class=\"elementor-widget-container\">\n\t\t\t<style>\/*! elementor - v3.18.0 - 08-12-2023 *\/\n.elementor-widget-image{text-align:center}.elementor-widget-image a{display:inline-block}.elementor-widget-image a img[src$=\".svg\"]{width:48px}.elementor-widget-image img{vertical-align:middle;display:inline-block}<\/style>\t\t\t\t\t\t\t\t\t\t\t\t<img fetchpriority=\"high\" decoding=\"async\" width=\"960\" height=\"540\" src=\"https:\/\/pinars.com.tr\/wp-content\/uploads\/2023\/01\/opu-mockup-1024x576.jpg\" class=\"attachment-large size-large wp-image-971\" alt=\"\" srcset=\"https:\/\/pinars.com.tr\/wp-content\/uploads\/2023\/01\/opu-mockup-1024x576.jpg 1024w, https:\/\/pinars.com.tr\/wp-content\/uploads\/2023\/01\/opu-mockup-300x169.jpg 300w, https:\/\/pinars.com.tr\/wp-content\/uploads\/2023\/01\/opu-mockup-768x432.jpg 768w, https:\/\/pinars.com.tr\/wp-content\/uploads\/2023\/01\/opu-mockup-1536x864.jpg 1536w, https:\/\/pinars.com.tr\/wp-content\/uploads\/2023\/01\/opu-mockup-2048x1152.jpg 2048w, https:\/\/pinars.com.tr\/wp-content\/uploads\/2023\/01\/opu-mockup-600x338.jpg 600w, https:\/\/pinars.com.tr\/wp-content\/uploads\/2023\/01\/opu-mockup-90x51.jpg 90w\" sizes=\"(max-width: 960px) 100vw, 960px\" \/>\t\t\t\t\t\t\t\t\t\t\t\t\t\t\t<\/div>\n\t\t\t\t<\/div>\n\t\t\t\t\t<\/div>\n\t\t<\/div>\n\t\t\t\t\t\t\t<\/div>\n\t\t<\/section>\n\t\t\t\t<section class=\"elementor-section elementor-top-section elementor-element elementor-element-43adc07 elementor-section-boxed elementor-section-height-default elementor-section-height-default\" data-id=\"43adc07\" data-element_type=\"section\">\n\t\t\t\t\t\t<div class=\"elementor-container elementor-column-gap-default\">\n\t\t\t\t\t<div class=\"elementor-column elementor-col-50 elementor-top-column elementor-element elementor-element-d0bbdc9\" data-id=\"d0bbdc9\" data-element_type=\"column\">\n\t\t\t<div class=\"elementor-widget-wrap elementor-element-populated\">\n\t\t\t\t\t\t\t\t<div class=\"elementor-element elementor-element-c8f3999 elementor-widget elementor-widget-text-editor\" data-id=\"c8f3999\" data-element_type=\"widget\" data-widget_type=\"text-editor.default\">\n\t\t\t\t<div class=\"elementor-widget-container\">\n\t\t\t<style>\/*! elementor - v3.18.0 - 08-12-2023 *\/\n.elementor-widget-text-editor.elementor-drop-cap-view-stacked .elementor-drop-cap{background-color:#69727d;color:#fff}.elementor-widget-text-editor.elementor-drop-cap-view-framed .elementor-drop-cap{color:#69727d;border:3px solid;background-color:transparent}.elementor-widget-text-editor:not(.elementor-drop-cap-view-default) .elementor-drop-cap{margin-top:8px}.elementor-widget-text-editor:not(.elementor-drop-cap-view-default) .elementor-drop-cap-letter{width:1em;height:1em}.elementor-widget-text-editor .elementor-drop-cap{float:left;text-align:center;line-height:1;font-size:50px}.elementor-widget-text-editor .elementor-drop-cap-letter{display:inline-block}<\/style>\t\t\t\t<p><strong>Tek Kullan\u0131ml\u0131k Medikal \u00d6rt\u00fc Seti<\/strong><\/p><p>Yumurta toplama (OPU) i\u015flemi i\u00e7in kullan\u0131lan \u00f6rt\u00fc seti<\/p>\t\t\t\t\t\t<\/div>\n\t\t\t\t<\/div>\n\t\t\t\t<div class=\"elementor-element elementor-element-1f010d6 elementor-widget elementor-widget-image\" data-id=\"1f010d6\" data-element_type=\"widget\" data-widget_type=\"image.default\">\n\t\t\t\t<div class=\"elementor-widget-container\">\n\t\t\t\t\t\t\t\t\t\t\t\t\t\t\t<img decoding=\"async\" width=\"616\" height=\"921\" src=\"https:\/\/pinars.com.tr\/wp-content\/uploads\/2023\/01\/set-urun-ikon-01-1.png\" class=\"attachment-large size-large wp-image-1177\" alt=\"\" srcset=\"https:\/\/pinars.com.tr\/wp-content\/uploads\/2023\/01\/set-urun-ikon-01-1.png 616w, https:\/\/pinars.com.tr\/wp-content\/uploads\/2023\/01\/set-urun-ikon-01-1-201x300.png 201w, https:\/\/pinars.com.tr\/wp-content\/uploads\/2023\/01\/set-urun-ikon-01-1-600x897.png 600w, https:\/\/pinars.com.tr\/wp-content\/uploads\/2023\/01\/set-urun-ikon-01-1-36x54.png 36w\" sizes=\"(max-width: 616px) 100vw, 616px\" \/>\t\t\t\t\t\t\t\t\t\t\t\t\t\t\t<\/div>\n\t\t\t\t<\/div>\n\t\t\t\t\t<\/div>\n\t\t<\/div>\n\t\t\t\t<div class=\"elementor-column elementor-col-50 elementor-top-column elementor-element elementor-element-1e28d7b\" data-id=\"1e28d7b\" data-element_type=\"column\">\n\t\t\t<div class=\"elementor-widget-wrap elementor-element-populated\">\n\t\t\t\t\t\t\t\t<div class=\"elementor-element elementor-element-d81aa40 elementor-widget elementor-widget-text-editor\" data-id=\"d81aa40\" data-element_type=\"widget\" data-widget_type=\"text-editor.default\">\n\t\t\t\t<div class=\"elementor-widget-container\">\n\t\t\t\t\t\t\t<table cellspacing=\"0\" cellpadding=\"0\"><tbody><tr><td valign=\"middle\">\u00a0<\/td><td valign=\"middle\">\u00a0<span style=\"font-weight: bold; font-size: 15px;\">MS-OS15130<\/span><\/td><td valign=\"middle\">\u00a0<\/td><\/tr><tr><td valign=\"middle\">\u00a0<\/td><td valign=\"middle\">Hasta \u00d6rt\u00fcs\u00fc (Delikli)<\/td><td valign=\"middle\">150x130cm<\/td><td valign=\"middle\">Laminated Hydrophilic PP Spunbond Nonwoven<\/td><\/tr><tr><td valign=\"middle\">\u00a0<\/td><td valign=\"middle\"><span style=\"background-color: transparent;\">Alet Masa \u00d6rt\u00fcs\u00fc<\/span><\/td><td valign=\"middle\">150x100cm<\/td><td valign=\"middle\">Polyethylene &amp; Hydrophilic PP Spunbond Nonwoven<\/td><\/tr><tr><td valign=\"middle\">2x<\/td><td valign=\"middle\"><span style=\"background-color: transparent;\">Litotomik Bacak K\u0131l\u0131f\u0131<\/span><\/td><td valign=\"middle\">110x53cm<\/td><td valign=\"middle\">Laminated PP Spunbond Nonwoven<\/td><\/tr><tr><td valign=\"middle\">5x<\/td><td valign=\"middle\"><span style=\"background-color: transparent;\">Span\u00e7<\/span><span style=\"background-color: transparent;\">\u00a0<\/span><\/td><td valign=\"middle\">7,5&#215;7,5cm<\/td><td valign=\"middle\">8 Layered<\/td><\/tr><tr><td valign=\"middle\">\u00a0<\/td><td valign=\"middle\"><span style=\"background-color: transparent;\">Prob K\u0131l\u0131f\u0131<\/span><\/td><td valign=\"middle\">\u00a0<\/td><td valign=\"middle\">\u00a0<\/td><\/tr><tr><td valign=\"middle\">\u00a0<\/td><td valign=\"middle\"><span style=\"background-color: transparent;\">Ultrason Jeli<\/span><\/td><td valign=\"middle\">20 ml<\/td><td valign=\"middle\">\u00a0<\/td><\/tr><tr><td valign=\"middle\">\u00a0<\/td><td valign=\"middle\"><span style=\"background-color: transparent;\">Sol\u00fcsyon Kab\u0131<\/span><\/td><td valign=\"middle\">200cc<\/td><td valign=\"middle\">\u00a0<\/td><\/tr><tr><td valign=\"middle\">\u00a0<\/td><td valign=\"middle\"><span style=\"background-color: transparent;\">Boyama S\u00fcngeri<\/span><\/td><td valign=\"middle\">\u00a0<\/td><td valign=\"middle\">\u00a0<\/td><\/tr><\/tbody><\/table><p>\u00a0<\/p><table cellspacing=\"0\" cellpadding=\"0\"><tbody><tr><td valign=\"middle\">\u00a0<\/td><td valign=\"middle\">\u00a0<span style=\"font-weight: bold; font-size: 15px;\">MS-OS15131<\/span><\/td><td valign=\"middle\">\u00a0<\/td><\/tr><tr><td valign=\"middle\">\u00a0<\/td><td valign=\"middle\"><span style=\"background-color: transparent;\">Hasta \u00d6rt\u00fcs\u00fc (Delikli)<\/span><\/td><td valign=\"middle\">150x130cm<\/td><td valign=\"middle\">Laminated Hydrophilic PP Spunbond Nonwoven<\/td><\/tr><tr><td valign=\"middle\">\u00a0<\/td><td valign=\"middle\"><span style=\"background-color: transparent;\">Alet Masa \u00d6rt\u00fcs\u00fc<\/span><\/td><td valign=\"middle\">150x100cm<\/td><td valign=\"middle\">Hydrophilic PP Spunbond Nonwoven<\/td><\/tr><tr><td valign=\"middle\">2x<\/td><td valign=\"middle\"><span style=\"background-color: transparent;\">Litotomik Bacak K\u0131l\u0131f\u0131<\/span><\/td><td valign=\"middle\">110x53cm<\/td><td valign=\"middle\">Laminated PP Spunbond Nonwoven<\/td><\/tr><tr><td valign=\"middle\">5x<\/td><td valign=\"middle\"><span style=\"background-color: transparent;\">Span\u00e7<\/span><\/td><td valign=\"middle\">7,5&#215;7,5cm<\/td><td valign=\"middle\">8 Layered<\/td><\/tr><tr><td valign=\"middle\">\u00a0<\/td><td valign=\"middle\"><span style=\"background-color: transparent;\">Prob K\u0131l\u0131f\u0131<\/span><\/td><td valign=\"middle\">\u00a0<\/td><td valign=\"middle\">\u00a0<\/td><\/tr><tr><td valign=\"middle\">\u00a0<\/td><td valign=\"middle\"><span style=\"background-color: transparent;\">Ultrason Jeli<\/span><\/td><td valign=\"middle\">20ml<\/td><td valign=\"middle\">\u00a0<\/td><\/tr><tr><td valign=\"middle\">\u00a0<\/td><td valign=\"middle\"><span style=\"background-color: transparent;\">Sol\u00fcsyon Kab\u0131<\/span><\/td><td valign=\"middle\">200cc<\/td><td valign=\"middle\">\u00a0<\/td><\/tr><tr><td valign=\"middle\">\u00a0<\/td><td valign=\"middle\"><span style=\"background-color: transparent;\">Boyama S\u00fcngeri<\/span><\/td><td valign=\"middle\">\u00a0<\/td><td valign=\"middle\">\u00a0<\/td><\/tr><\/tbody><\/table>\t\t\t\t\t\t<\/div>\n\t\t\t\t<\/div>\n\t\t\t\t\t<\/div>\n\t\t<\/div>\n\t\t\t\t\t\t\t<\/div>\n\t\t<\/section>\n\t\t\t\t\t\t\t<\/div>\n\t\t","protected":false},"excerpt":{"rendered":"<p>OPU Seti Tek kullan\u0131ml\u0131k steril \u00f6rt\u00fc seti Tek Kullan\u0131ml\u0131k Medikal \u00d6rt\u00fc Seti Yumurta toplama (OPU) i\u015flemi i\u00e7in kullan\u0131lan \u00f6rt\u00fc seti \u00a0 \u00a0MS-OS15130 \u00a0 \u00a0 Hasta \u00d6rt\u00fcs\u00fc (Delikli) 150x130cm Laminated Hydrophilic PP Spunbond Nonwoven \u00a0 Alet Masa \u00d6rt\u00fcs\u00fc 150x100cm Polyethylene &amp; Hydrophilic PP Spunbond Nonwoven 2x Litotomik Bacak K\u0131l\u0131f\u0131 110x53cm Laminated PP Spunbond Nonwoven 5x Span\u00e7\u00a0<\/p>\n<div class=\"klb-readmore\"><a class=\"c-btn\" href=\"https:\/\/pinars.com.tr\/index.php\/opu-seti\/\">Read More <i class=\"far fa-plus\"><\/i><\/a><\/div>\n","protected":false},"author":1,"featured_media":0,"parent":0,"menu_order":0,"comment_status":"closed","ping_status":"closed","template":"","meta":{"om_disable_all_campaigns":false,"_monsterinsights_skip_tracking":false,"_monsterinsights_sitenote_active":false,"_monsterinsights_sitenote_note":"","_monsterinsights_sitenote_category":0,"footnotes":""},"class_list":["post-723","page","type-page","status-publish","hentry"],"_links":{"self":[{"href":"https:\/\/pinars.com.tr\/index.php\/wp-json\/wp\/v2\/pages\/723","targetHints":{"allow":["GET"]}}],"collection":[{"href":"https:\/\/pinars.com.tr\/index.php\/wp-json\/wp\/v2\/pages"}],"about":[{"href":"https:\/\/pinars.com.tr\/index.php\/wp-json\/wp\/v2\/types\/page"}],"author":[{"embeddable":true,"href":"https:\/\/pinars.com.tr\/index.php\/wp-json\/wp\/v2\/users\/1"}],"replies":[{"embeddable":true,"href":"https:\/\/pinars.com.tr\/index.php\/wp-json\/wp\/v2\/comments?post=723"}],"version-history":[{"count":28,"href":"https:\/\/pinars.com.tr\/index.php\/wp-json\/wp\/v2\/pages\/723\/revisions"}],"predecessor-version":[{"id":1210,"href":"https:\/\/pinars.com.tr\/index.php\/wp-json\/wp\/v2\/pages\/723\/revisions\/1210"}],"wp:attachment":[{"href":"https:\/\/pinars.com.tr\/index.php\/wp-json\/wp\/v2\/media?parent=723"}],"curies":[{"name":"wp","href":"https:\/\/api.w.org\/{rel}","templated":true}]}}