{"id":725,"date":"2023-01-24T15:14:37","date_gmt":"2023-01-24T15:14:37","guid":{"rendered":"https:\/\/pinarsaglik.com\/?page_id=725"},"modified":"2023-01-26T14:45:07","modified_gmt":"2023-01-26T14:45:07","slug":"et-seti","status":"publish","type":"page","link":"https:\/\/pinars.com.tr\/index.php\/et-seti\/","title":{"rendered":"ET Seti"},"content":{"rendered":"\t\t<div data-elementor-type=\"wp-page\" data-elementor-id=\"725\" class=\"elementor elementor-725\">\n\t\t\t\t\t\t\t\t\t<section class=\"elementor-section elementor-top-section elementor-element elementor-element-3fc1a4f elementor-section-full_width elementor-section-height-default elementor-section-height-default\" data-id=\"3fc1a4f\" data-element_type=\"section\">\n\t\t\t\t\t\t<div class=\"elementor-container elementor-column-gap-default\">\n\t\t\t\t\t<div class=\"elementor-column elementor-col-100 elementor-top-column elementor-element elementor-element-d96f2e4\" data-id=\"d96f2e4\" data-element_type=\"column\">\n\t\t\t<div class=\"elementor-widget-wrap elementor-element-populated\">\n\t\t\t\t\t\t\t\t<div class=\"elementor-element elementor-element-f4185a2 elementor-widget elementor-widget-medibazar-custom-title\" data-id=\"f4185a2\" data-element_type=\"widget\" data-widget_type=\"medibazar-custom-title.default\">\n\t\t\t\t<div class=\"elementor-widget-container\">\n\t\t\t<div class=\"section-title text-center\"><h2>ET Seti<\/h2><p>Embriyo Transferi Steril \u00d6rt\u00fc Seti<\/p><\/div>\t\t<\/div>\n\t\t\t\t<\/div>\n\t\t\t\t<div class=\"elementor-element elementor-element-9a4f055 elementor-invisible elementor-widget elementor-widget-image\" data-id=\"9a4f055\" data-element_type=\"widget\" data-settings=\"{&quot;_animation&quot;:&quot;fadeInUp&quot;}\" data-widget_type=\"image.default\">\n\t\t\t\t<div class=\"elementor-widget-container\">\n\t\t\t<style>\/*! elementor - v3.18.0 - 08-12-2023 *\/\n.elementor-widget-image{text-align:center}.elementor-widget-image a{display:inline-block}.elementor-widget-image a img[src$=\".svg\"]{width:48px}.elementor-widget-image img{vertical-align:middle;display:inline-block}<\/style>\t\t\t\t\t\t\t\t\t\t\t\t<img fetchpriority=\"high\" decoding=\"async\" width=\"960\" height=\"640\" src=\"https:\/\/pinars.com.tr\/wp-content\/uploads\/2023\/01\/et-mockup-1024x683.jpg\" class=\"attachment-large size-large wp-image-975\" alt=\"\" srcset=\"https:\/\/pinars.com.tr\/wp-content\/uploads\/2023\/01\/et-mockup-1024x683.jpg 1024w, https:\/\/pinars.com.tr\/wp-content\/uploads\/2023\/01\/et-mockup-300x200.jpg 300w, https:\/\/pinars.com.tr\/wp-content\/uploads\/2023\/01\/et-mockup-768x512.jpg 768w, https:\/\/pinars.com.tr\/wp-content\/uploads\/2023\/01\/et-mockup-1536x1024.jpg 1536w, https:\/\/pinars.com.tr\/wp-content\/uploads\/2023\/01\/et-mockup-2048x1365.jpg 2048w, https:\/\/pinars.com.tr\/wp-content\/uploads\/2023\/01\/et-mockup-600x400.jpg 600w, https:\/\/pinars.com.tr\/wp-content\/uploads\/2023\/01\/et-mockup-81x54.jpg 81w\" sizes=\"(max-width: 960px) 100vw, 960px\" \/>\t\t\t\t\t\t\t\t\t\t\t\t\t\t\t<\/div>\n\t\t\t\t<\/div>\n\t\t\t\t\t<\/div>\n\t\t<\/div>\n\t\t\t\t\t\t\t<\/div>\n\t\t<\/section>\n\t\t\t\t<section class=\"elementor-section elementor-top-section elementor-element elementor-element-c39ac3c elementor-section-boxed elementor-section-height-default elementor-section-height-default\" data-id=\"c39ac3c\" data-element_type=\"section\">\n\t\t\t\t\t\t<div class=\"elementor-container elementor-column-gap-default\">\n\t\t\t\t\t<div class=\"elementor-column elementor-col-50 elementor-top-column elementor-element elementor-element-0cc3812\" data-id=\"0cc3812\" data-element_type=\"column\">\n\t\t\t<div class=\"elementor-widget-wrap elementor-element-populated\">\n\t\t\t\t\t\t\t\t<div class=\"elementor-element elementor-element-83c6248 elementor-widget__width-initial elementor-widget elementor-widget-text-editor\" data-id=\"83c6248\" data-element_type=\"widget\" data-widget_type=\"text-editor.default\">\n\t\t\t\t<div class=\"elementor-widget-container\">\n\t\t\t<style>\/*! elementor - v3.18.0 - 08-12-2023 *\/\n.elementor-widget-text-editor.elementor-drop-cap-view-stacked .elementor-drop-cap{background-color:#69727d;color:#fff}.elementor-widget-text-editor.elementor-drop-cap-view-framed .elementor-drop-cap{color:#69727d;border:3px solid;background-color:transparent}.elementor-widget-text-editor:not(.elementor-drop-cap-view-default) .elementor-drop-cap{margin-top:8px}.elementor-widget-text-editor:not(.elementor-drop-cap-view-default) .elementor-drop-cap-letter{width:1em;height:1em}.elementor-widget-text-editor .elementor-drop-cap{float:left;text-align:center;line-height:1;font-size:50px}.elementor-widget-text-editor .elementor-drop-cap-letter{display:inline-block}<\/style>\t\t\t\t<p><strong>Tek Kullan\u0131ml\u0131k Medikal \u00d6rt\u00fc Seti<\/strong><\/p><p>Embryo Transferi (ET) i\u015flemi i\u00e7in kullan\u0131lan \u00f6rt\u00fc seti<\/p>\t\t\t\t\t\t<\/div>\n\t\t\t\t<\/div>\n\t\t\t\t<div class=\"elementor-element elementor-element-0de8150 elementor-widget elementor-widget-image\" data-id=\"0de8150\" data-element_type=\"widget\" data-widget_type=\"image.default\">\n\t\t\t\t<div class=\"elementor-widget-container\">\n\t\t\t\t\t\t\t\t\t\t\t\t\t\t\t<img decoding=\"async\" width=\"616\" height=\"461\" src=\"https:\/\/pinars.com.tr\/wp-content\/uploads\/2023\/01\/set-urun-ikon-05-1.png\" class=\"attachment-large size-large wp-image-1173\" alt=\"\" srcset=\"https:\/\/pinars.com.tr\/wp-content\/uploads\/2023\/01\/set-urun-ikon-05-1.png 616w, https:\/\/pinars.com.tr\/wp-content\/uploads\/2023\/01\/set-urun-ikon-05-1-300x225.png 300w, https:\/\/pinars.com.tr\/wp-content\/uploads\/2023\/01\/set-urun-ikon-05-1-600x449.png 600w, https:\/\/pinars.com.tr\/wp-content\/uploads\/2023\/01\/set-urun-ikon-05-1-72x54.png 72w\" sizes=\"(max-width: 616px) 100vw, 616px\" \/>\t\t\t\t\t\t\t\t\t\t\t\t\t\t\t<\/div>\n\t\t\t\t<\/div>\n\t\t\t\t\t<\/div>\n\t\t<\/div>\n\t\t\t\t<div class=\"elementor-column elementor-col-50 elementor-top-column elementor-element elementor-element-65412d5\" data-id=\"65412d5\" data-element_type=\"column\">\n\t\t\t<div class=\"elementor-widget-wrap elementor-element-populated\">\n\t\t\t\t\t\t\t\t<div class=\"elementor-element elementor-element-ce27eed elementor-widget elementor-widget-text-editor\" data-id=\"ce27eed\" data-element_type=\"widget\" data-widget_type=\"text-editor.default\">\n\t\t\t\t<div class=\"elementor-widget-container\">\n\t\t\t\t\t\t\t<p>\u00a0<\/p><table cellspacing=\"0\" cellpadding=\"0\"><tbody><tr><td valign=\"middle\">\u00a0<\/td><td valign=\"middle\">\u00a0<span style=\"font-weight: bold; font-size: 15px;\">MS-ET08081<\/span><\/td><td valign=\"middle\">\u00a0<\/td><\/tr><tr><td valign=\"middle\">\u00a0<\/td><td valign=\"middle\"><p><span style=\"background-color: transparent;\">Hasta \u00d6rt\u00fcs\u00fc (Delikli)<\/span><\/p><\/td><td valign=\"middle\"><p>80x80cm<\/p><\/td><td valign=\"middle\"><p>Laminated Hydrophilic PP Spunbond Nonwoven<\/p><\/td><\/tr><tr><td valign=\"middle\">\u00a0<\/td><td valign=\"middle\"><p>Alet Masa \u00d6rt\u00fcs\u00fc<\/p><\/td><td valign=\"middle\"><p>80x80cm<\/p><\/td><td valign=\"middle\"><p>Polyethylene &amp; Hydrophilic PP Spunbond Nonwoven<\/p><\/td><\/tr><tr><td valign=\"middle\"><p>5x<\/p><\/td><td valign=\"middle\"><p><span style=\"background-color: transparent;\">Span\u00e7<\/span><\/p><\/td><td valign=\"middle\"><p>7,5&#215;7,5cm<\/p><\/td><td valign=\"middle\"><p>8 katl\u0131<\/p><\/td><\/tr><\/tbody><\/table><table><tbody><tr><td valign=\"middle\">\u00a0<\/td><td valign=\"middle\"><p><b>MS-ET08082<\/b><\/p><\/td><\/tr><tr><td valign=\"middle\">\u00a0<\/td><td valign=\"middle\"><p>Hasta \u00d6rt\u00fcs\u00fc (Delikli)<\/p><\/td><td valign=\"middle\"><p>80x80cm<\/p><\/td><td valign=\"middle\"><p>Laminated Hydrophilic PP Spunbond Nonwoven<\/p><\/td><\/tr><tr><td valign=\"middle\">\u00a0<\/td><td valign=\"middle\"><p>Alet Masa \u00d6rt\u00fcs\u00fc<\/p><\/td><td valign=\"middle\"><p>80x80cm<\/p><\/td><td valign=\"middle\"><p>Hydrophilic PP Spunbond Nonwoven<\/p><\/td><\/tr><tr><td valign=\"middle\"><p>5x<\/p><\/td><td valign=\"middle\"><p><span style=\"background-color: transparent;\">Span\u00e7<\/span><\/p><\/td><td valign=\"middle\"><p>7,5&#215;7,5cm<\/p><\/td><td valign=\"middle\"><p>8 katl\u0131<\/p><\/td><\/tr><\/tbody><\/table>\t\t\t\t\t\t<\/div>\n\t\t\t\t<\/div>\n\t\t\t\t\t<\/div>\n\t\t<\/div>\n\t\t\t\t\t\t\t<\/div>\n\t\t<\/section>\n\t\t\t\t\t\t\t<\/div>\n\t\t","protected":false},"excerpt":{"rendered":"<p>ET Seti Embriyo Transferi Steril \u00d6rt\u00fc Seti Tek Kullan\u0131ml\u0131k Medikal \u00d6rt\u00fc Seti Embryo Transferi (ET) i\u015flemi i\u00e7in kullan\u0131lan \u00f6rt\u00fc seti \u00a0 \u00a0 \u00a0MS-ET08081 \u00a0 \u00a0 Hasta \u00d6rt\u00fcs\u00fc (Delikli) 80x80cm Laminated Hydrophilic PP Spunbond Nonwoven \u00a0 Alet Masa \u00d6rt\u00fcs\u00fc 80x80cm Polyethylene &amp; Hydrophilic PP Spunbond Nonwoven 5x Span\u00e7 7,5&#215;7,5cm 8 katl\u0131 \u00a0 MS-ET08082 \u00a0 Hasta \u00d6rt\u00fcs\u00fc<\/p>\n<div class=\"klb-readmore\"><a class=\"c-btn\" href=\"https:\/\/pinars.com.tr\/index.php\/et-seti\/\">Read More <i class=\"far fa-plus\"><\/i><\/a><\/div>\n","protected":false},"author":1,"featured_media":0,"parent":0,"menu_order":0,"comment_status":"closed","ping_status":"closed","template":"","meta":{"om_disable_all_campaigns":false,"_monsterinsights_skip_tracking":false,"_monsterinsights_sitenote_active":false,"_monsterinsights_sitenote_note":"","_monsterinsights_sitenote_category":0,"footnotes":""},"class_list":["post-725","page","type-page","status-publish","hentry"],"_links":{"self":[{"href":"https:\/\/pinars.com.tr\/index.php\/wp-json\/wp\/v2\/pages\/725","targetHints":{"allow":["GET"]}}],"collection":[{"href":"https:\/\/pinars.com.tr\/index.php\/wp-json\/wp\/v2\/pages"}],"about":[{"href":"https:\/\/pinars.com.tr\/index.php\/wp-json\/wp\/v2\/types\/page"}],"author":[{"embeddable":true,"href":"https:\/\/pinars.com.tr\/index.php\/wp-json\/wp\/v2\/users\/1"}],"replies":[{"embeddable":true,"href":"https:\/\/pinars.com.tr\/index.php\/wp-json\/wp\/v2\/comments?post=725"}],"version-history":[{"count":22,"href":"https:\/\/pinars.com.tr\/index.php\/wp-json\/wp\/v2\/pages\/725\/revisions"}],"predecessor-version":[{"id":1201,"href":"https:\/\/pinars.com.tr\/index.php\/wp-json\/wp\/v2\/pages\/725\/revisions\/1201"}],"wp:attachment":[{"href":"https:\/\/pinars.com.tr\/index.php\/wp-json\/wp\/v2\/media?parent=725"}],"curies":[{"name":"wp","href":"https:\/\/api.w.org\/{rel}","templated":true}]}}