{"id":728,"date":"2023-01-24T15:15:12","date_gmt":"2023-01-24T15:15:12","guid":{"rendered":"https:\/\/pinarsaglik.com\/?page_id=728"},"modified":"2023-01-26T14:48:22","modified_gmt":"2023-01-26T14:48:22","slug":"tese-seti","status":"publish","type":"page","link":"https:\/\/pinars.com.tr\/index.php\/tese-seti\/","title":{"rendered":"TESE Seti"},"content":{"rendered":"\t\t<div data-elementor-type=\"wp-page\" data-elementor-id=\"728\" class=\"elementor elementor-728\">\n\t\t\t\t\t\t\t\t\t<section class=\"elementor-section elementor-top-section elementor-element elementor-element-56d5d8d elementor-section-full_width elementor-section-height-default elementor-section-height-default\" data-id=\"56d5d8d\" data-element_type=\"section\">\n\t\t\t\t\t\t<div class=\"elementor-container elementor-column-gap-default\">\n\t\t\t\t\t<div class=\"elementor-column elementor-col-100 elementor-top-column elementor-element elementor-element-af2866f\" data-id=\"af2866f\" data-element_type=\"column\">\n\t\t\t<div class=\"elementor-widget-wrap elementor-element-populated\">\n\t\t\t\t\t\t\t\t<div class=\"elementor-element elementor-element-b740089 elementor-widget elementor-widget-medibazar-custom-title\" data-id=\"b740089\" data-element_type=\"widget\" data-widget_type=\"medibazar-custom-title.default\">\n\t\t\t\t<div class=\"elementor-widget-container\">\n\t\t\t<div class=\"section-title text-center\"><h2>TESE Seti<\/h2><p>Testicular Sperm Extraction Steril \u00d6rt\u00fc Seti<\/p><\/div>\t\t<\/div>\n\t\t\t\t<\/div>\n\t\t\t\t<div class=\"elementor-element elementor-element-63a9310 elementor-invisible elementor-widget elementor-widget-image\" data-id=\"63a9310\" data-element_type=\"widget\" data-settings=\"{&quot;_animation&quot;:&quot;fadeInUp&quot;}\" data-widget_type=\"image.default\">\n\t\t\t\t<div class=\"elementor-widget-container\">\n\t\t\t<style>\/*! elementor - v3.18.0 - 08-12-2023 *\/\n.elementor-widget-image{text-align:center}.elementor-widget-image a{display:inline-block}.elementor-widget-image a img[src$=\".svg\"]{width:48px}.elementor-widget-image img{vertical-align:middle;display:inline-block}<\/style>\t\t\t\t\t\t\t\t\t\t\t\t<img fetchpriority=\"high\" decoding=\"async\" width=\"960\" height=\"540\" src=\"https:\/\/pinars.com.tr\/wp-content\/uploads\/2023\/01\/tese-mockup-1024x576.jpg\" class=\"attachment-large size-large wp-image-970\" alt=\"\" srcset=\"https:\/\/pinars.com.tr\/wp-content\/uploads\/2023\/01\/tese-mockup-1024x576.jpg 1024w, https:\/\/pinars.com.tr\/wp-content\/uploads\/2023\/01\/tese-mockup-300x169.jpg 300w, https:\/\/pinars.com.tr\/wp-content\/uploads\/2023\/01\/tese-mockup-768x432.jpg 768w, https:\/\/pinars.com.tr\/wp-content\/uploads\/2023\/01\/tese-mockup-1536x864.jpg 1536w, https:\/\/pinars.com.tr\/wp-content\/uploads\/2023\/01\/tese-mockup-2048x1152.jpg 2048w, https:\/\/pinars.com.tr\/wp-content\/uploads\/2023\/01\/tese-mockup-600x338.jpg 600w, https:\/\/pinars.com.tr\/wp-content\/uploads\/2023\/01\/tese-mockup-90x51.jpg 90w\" sizes=\"(max-width: 960px) 100vw, 960px\" \/>\t\t\t\t\t\t\t\t\t\t\t\t\t\t\t<\/div>\n\t\t\t\t<\/div>\n\t\t\t\t\t<\/div>\n\t\t<\/div>\n\t\t\t\t\t\t\t<\/div>\n\t\t<\/section>\n\t\t\t\t<section class=\"elementor-section elementor-top-section elementor-element elementor-element-f34d390 elementor-section-boxed elementor-section-height-default elementor-section-height-default\" data-id=\"f34d390\" data-element_type=\"section\">\n\t\t\t\t\t\t<div class=\"elementor-container elementor-column-gap-default\">\n\t\t\t\t\t<div class=\"elementor-column elementor-col-50 elementor-top-column elementor-element elementor-element-4931a45\" data-id=\"4931a45\" data-element_type=\"column\">\n\t\t\t<div class=\"elementor-widget-wrap elementor-element-populated\">\n\t\t\t\t\t\t\t\t<div class=\"elementor-element elementor-element-0ab08b9 elementor-widget elementor-widget-text-editor\" data-id=\"0ab08b9\" data-element_type=\"widget\" data-widget_type=\"text-editor.default\">\n\t\t\t\t<div class=\"elementor-widget-container\">\n\t\t\t<style>\/*! elementor - v3.18.0 - 08-12-2023 *\/\n.elementor-widget-text-editor.elementor-drop-cap-view-stacked .elementor-drop-cap{background-color:#69727d;color:#fff}.elementor-widget-text-editor.elementor-drop-cap-view-framed .elementor-drop-cap{color:#69727d;border:3px solid;background-color:transparent}.elementor-widget-text-editor:not(.elementor-drop-cap-view-default) .elementor-drop-cap{margin-top:8px}.elementor-widget-text-editor:not(.elementor-drop-cap-view-default) .elementor-drop-cap-letter{width:1em;height:1em}.elementor-widget-text-editor .elementor-drop-cap{float:left;text-align:center;line-height:1;font-size:50px}.elementor-widget-text-editor .elementor-drop-cap-letter{display:inline-block}<\/style>\t\t\t\t<p><strong>Tek Kullan\u0131ml\u0131k Medikal \u00d6rt\u00fc Seti<\/strong><\/p><p>Testicular Sperm Extraction (TESE) i\u015flemi i\u00e7in kullan\u0131lan \u00f6rt\u00fc seti<\/p>\t\t\t\t\t\t<\/div>\n\t\t\t\t<\/div>\n\t\t\t\t<div class=\"elementor-element elementor-element-f8b4733 elementor-widget elementor-widget-image\" data-id=\"f8b4733\" data-element_type=\"widget\" data-widget_type=\"image.default\">\n\t\t\t\t<div class=\"elementor-widget-container\">\n\t\t\t\t\t\t\t\t\t\t\t\t\t\t\t<img decoding=\"async\" width=\"616\" height=\"721\" src=\"https:\/\/pinars.com.tr\/wp-content\/uploads\/2023\/01\/set-urun-ikon-02-1.png\" class=\"attachment-large size-large wp-image-1176\" alt=\"\" srcset=\"https:\/\/pinars.com.tr\/wp-content\/uploads\/2023\/01\/set-urun-ikon-02-1.png 616w, https:\/\/pinars.com.tr\/wp-content\/uploads\/2023\/01\/set-urun-ikon-02-1-256x300.png 256w, https:\/\/pinars.com.tr\/wp-content\/uploads\/2023\/01\/set-urun-ikon-02-1-600x702.png 600w, https:\/\/pinars.com.tr\/wp-content\/uploads\/2023\/01\/set-urun-ikon-02-1-46x54.png 46w\" sizes=\"(max-width: 616px) 100vw, 616px\" \/>\t\t\t\t\t\t\t\t\t\t\t\t\t\t\t<\/div>\n\t\t\t\t<\/div>\n\t\t\t\t\t<\/div>\n\t\t<\/div>\n\t\t\t\t<div class=\"elementor-column elementor-col-50 elementor-top-column elementor-element elementor-element-e1f1a0b\" data-id=\"e1f1a0b\" data-element_type=\"column\">\n\t\t\t<div class=\"elementor-widget-wrap elementor-element-populated\">\n\t\t\t\t\t\t\t\t<div class=\"elementor-element elementor-element-5cf3e73 elementor-widget__width-initial elementor-widget elementor-widget-text-editor\" data-id=\"5cf3e73\" data-element_type=\"widget\" data-widget_type=\"text-editor.default\">\n\t\t\t\t<div class=\"elementor-widget-container\">\n\t\t\t\t\t\t\t<table cellspacing=\"0\" cellpadding=\"0\"><tbody><tr><td valign=\"middle\">\u00a0<\/td><td valign=\"middle\">\u00a0<span style=\"font-weight: bold; font-size: 15px;\">MS-TS18160<\/span><\/td><td valign=\"middle\">\u00a0<\/td><\/tr><tr><td valign=\"middle\">\u00a0<\/td><td valign=\"middle\"><p><span style=\"background-color: transparent;\">Hasta \u00d6rt\u00fcs\u00fc (Delikli)<\/span><\/p><\/td><td valign=\"middle\"><p>180x160cm<\/p><\/td><td valign=\"middle\"><p>Laminated Hydrophilic PP Spunbond Nonwoven<\/p><\/td><\/tr><tr><td valign=\"middle\">\u00a0<\/td><td valign=\"middle\"><p><span style=\"background-color: transparent;\">Alet Masa \u00d6rt\u00fcs\u00fc<\/span><\/p><\/td><td valign=\"middle\"><p>200x150cm<\/p><\/td><td valign=\"middle\"><p>Polyethylene &amp; Hydrophilic PP Spunbond Nonwoven<\/p><\/td><\/tr><tr><td valign=\"middle\"><p>2x<\/p><\/td><td valign=\"middle\"><p><span style=\"background-color: transparent;\">Standart Cerrahi \u00d6nl\u00fck<\/span><\/p><\/td><td valign=\"middle\"><p>Size: L<\/p><\/td><td valign=\"middle\">\u00a0<\/td><\/tr><tr><td valign=\"middle\"><p>2x<\/p><\/td><td valign=\"middle\"><p><span style=\"background-color: transparent;\">Havlu<\/span><\/p><\/td><td valign=\"middle\"><p>40x40cm<\/p><\/td><td valign=\"middle\">\u00a0<\/td><\/tr><tr><td valign=\"middle\"><p>10x<\/p><\/td><td valign=\"middle\"><p><span style=\"background-color: transparent;\">Span\u00e7\u00a0<\/span><\/p><\/td><td valign=\"middle\"><p>7,5&#215;7,5cm<\/p><\/td><td valign=\"middle\"><p>8 Layered<\/p><\/td><\/tr><\/tbody><\/table><p>\u00a0<\/p><table cellspacing=\"0\" cellpadding=\"0\"><tbody><tr><td valign=\"middle\">\u00a0<\/td><td valign=\"middle\">\u00a0<span style=\"font-weight: bold; font-size: 15px;\">MS-TS18161<\/span><\/td><td valign=\"middle\">\u00a0<\/td><\/tr><tr><td valign=\"middle\">\u00a0<\/td><td valign=\"middle\"><p><span style=\"background-color: transparent;\">Hasta \u00d6rt\u00fcs\u00fc (Delikli)<\/span><\/p><\/td><td valign=\"middle\"><p>180x160cm<\/p><\/td><td valign=\"middle\"><p>Laminated Hydrophilic PP Spunbond Nonwoven<\/p><\/td><\/tr><tr><td valign=\"middle\">\u00a0<\/td><td valign=\"middle\"><p><span style=\"background-color: transparent;\">Alet Masa \u00d6rt\u00fcs\u00fc<\/span><\/p><\/td><td valign=\"middle\"><p>200x150cm<\/p><\/td><td valign=\"middle\"><p>Hydrophilic PP Spunbond Nonwoven<\/p><\/td><\/tr><tr><td valign=\"middle\"><p>2x<\/p><\/td><td valign=\"middle\"><p><span style=\"background-color: transparent;\">Standart Cerrahi \u00d6nl\u00fck<\/span><\/p><\/td><td valign=\"middle\"><p>Size: L<\/p><\/td><td valign=\"middle\">\u00a0<\/td><\/tr><tr><td valign=\"middle\"><p>2x<\/p><\/td><td valign=\"middle\"><p><span style=\"background-color: transparent;\">Havlu<\/span><\/p><\/td><td valign=\"middle\"><p>40x40cm<\/p><\/td><td valign=\"middle\">\u00a0<\/td><\/tr><tr><td valign=\"middle\"><p>10x<\/p><\/td><td valign=\"middle\"><p><span style=\"background-color: transparent;\">Span\u00e7<\/span><\/p><\/td><td valign=\"middle\"><p>7,5&#215;7,5cm<\/p><\/td><td valign=\"middle\"><p>8 Layered<\/p><\/td><\/tr><\/tbody><\/table>\t\t\t\t\t\t<\/div>\n\t\t\t\t<\/div>\n\t\t\t\t\t<\/div>\n\t\t<\/div>\n\t\t\t\t\t\t\t<\/div>\n\t\t<\/section>\n\t\t\t\t\t\t\t<\/div>\n\t\t","protected":false},"excerpt":{"rendered":"<p>TESE Seti Testicular Sperm Extraction Steril \u00d6rt\u00fc Seti Tek Kullan\u0131ml\u0131k Medikal \u00d6rt\u00fc Seti Testicular Sperm Extraction (TESE) i\u015flemi i\u00e7in kullan\u0131lan \u00f6rt\u00fc seti \u00a0 \u00a0MS-TS18160 \u00a0 \u00a0 Hasta \u00d6rt\u00fcs\u00fc (Delikli) 180x160cm Laminated Hydrophilic PP Spunbond Nonwoven \u00a0 Alet Masa \u00d6rt\u00fcs\u00fc 200x150cm Polyethylene &amp; Hydrophilic PP Spunbond Nonwoven 2x Standart Cerrahi \u00d6nl\u00fck Size: L \u00a0 2x Havlu<\/p>\n<div class=\"klb-readmore\"><a class=\"c-btn\" href=\"https:\/\/pinars.com.tr\/index.php\/tese-seti\/\">Read More <i class=\"far fa-plus\"><\/i><\/a><\/div>\n","protected":false},"author":1,"featured_media":0,"parent":0,"menu_order":0,"comment_status":"closed","ping_status":"closed","template":"","meta":{"om_disable_all_campaigns":false,"_monsterinsights_skip_tracking":false,"_monsterinsights_sitenote_active":false,"_monsterinsights_sitenote_note":"","_monsterinsights_sitenote_category":0,"footnotes":""},"class_list":["post-728","page","type-page","status-publish","hentry"],"_links":{"self":[{"href":"https:\/\/pinars.com.tr\/index.php\/wp-json\/wp\/v2\/pages\/728","targetHints":{"allow":["GET"]}}],"collection":[{"href":"https:\/\/pinars.com.tr\/index.php\/wp-json\/wp\/v2\/pages"}],"about":[{"href":"https:\/\/pinars.com.tr\/index.php\/wp-json\/wp\/v2\/types\/page"}],"author":[{"embeddable":true,"href":"https:\/\/pinars.com.tr\/index.php\/wp-json\/wp\/v2\/users\/1"}],"replies":[{"embeddable":true,"href":"https:\/\/pinars.com.tr\/index.php\/wp-json\/wp\/v2\/comments?post=728"}],"version-history":[{"count":34,"href":"https:\/\/pinars.com.tr\/index.php\/wp-json\/wp\/v2\/pages\/728\/revisions"}],"predecessor-version":[{"id":1213,"href":"https:\/\/pinars.com.tr\/index.php\/wp-json\/wp\/v2\/pages\/728\/revisions\/1213"}],"wp:attachment":[{"href":"https:\/\/pinars.com.tr\/index.php\/wp-json\/wp\/v2\/media?parent=728"}],"curies":[{"name":"wp","href":"https:\/\/api.w.org\/{rel}","templated":true}]}}