{"id":730,"date":"2023-01-24T15:21:43","date_gmt":"2023-01-24T15:21:43","guid":{"rendered":"https:\/\/pinarsaglik.com\/?page_id=730"},"modified":"2023-01-26T14:48:55","modified_gmt":"2023-01-26T14:48:55","slug":"cover-kit","status":"publish","type":"page","link":"https:\/\/pinars.com.tr\/index.php\/cover-kit\/","title":{"rendered":"Cover Kit"},"content":{"rendered":"\t\t<div data-elementor-type=\"wp-page\" data-elementor-id=\"730\" class=\"elementor elementor-730\">\n\t\t\t\t\t\t\t\t\t<section class=\"elementor-section elementor-top-section elementor-element elementor-element-495724a elementor-section-full_width elementor-section-height-default elementor-section-height-default\" data-id=\"495724a\" data-element_type=\"section\">\n\t\t\t\t\t\t<div class=\"elementor-container elementor-column-gap-default\">\n\t\t\t\t\t<div class=\"elementor-column elementor-col-100 elementor-top-column elementor-element elementor-element-d718938\" data-id=\"d718938\" data-element_type=\"column\">\n\t\t\t<div class=\"elementor-widget-wrap elementor-element-populated\">\n\t\t\t\t\t\t\t\t<div class=\"elementor-element elementor-element-425e67b elementor-widget elementor-widget-medibazar-custom-title\" data-id=\"425e67b\" data-element_type=\"widget\" data-widget_type=\"medibazar-custom-title.default\">\n\t\t\t\t<div class=\"elementor-widget-container\">\n\t\t\t<div class=\"section-title text-center\"><h2>Cover Kit<\/h2><p>Tek Kullan\u0131ml\u0131k Steril \u00d6rt\u00fc Seti<\/p><\/div>\t\t<\/div>\n\t\t\t\t<\/div>\n\t\t\t\t<div class=\"elementor-element elementor-element-1eb7fa2 elementor-invisible elementor-widget elementor-widget-image\" data-id=\"1eb7fa2\" data-element_type=\"widget\" data-settings=\"{&quot;_animation&quot;:&quot;fadeInUp&quot;}\" data-widget_type=\"image.default\">\n\t\t\t\t<div class=\"elementor-widget-container\">\n\t\t\t<style>\/*! elementor - v3.18.0 - 08-12-2023 *\/\n.elementor-widget-image{text-align:center}.elementor-widget-image a{display:inline-block}.elementor-widget-image a img[src$=\".svg\"]{width:48px}.elementor-widget-image img{vertical-align:middle;display:inline-block}<\/style>\t\t\t\t\t\t\t\t\t\t\t\t<img fetchpriority=\"high\" decoding=\"async\" width=\"960\" height=\"640\" src=\"https:\/\/pinars.com.tr\/wp-content\/uploads\/2023\/01\/cover-mockup-1024x683.jpg\" class=\"attachment-large size-large wp-image-973\" alt=\"\" srcset=\"https:\/\/pinars.com.tr\/wp-content\/uploads\/2023\/01\/cover-mockup-1024x683.jpg 1024w, https:\/\/pinars.com.tr\/wp-content\/uploads\/2023\/01\/cover-mockup-300x200.jpg 300w, https:\/\/pinars.com.tr\/wp-content\/uploads\/2023\/01\/cover-mockup-768x512.jpg 768w, https:\/\/pinars.com.tr\/wp-content\/uploads\/2023\/01\/cover-mockup-1536x1024.jpg 1536w, https:\/\/pinars.com.tr\/wp-content\/uploads\/2023\/01\/cover-mockup-2048x1365.jpg 2048w, https:\/\/pinars.com.tr\/wp-content\/uploads\/2023\/01\/cover-mockup-600x400.jpg 600w, https:\/\/pinars.com.tr\/wp-content\/uploads\/2023\/01\/cover-mockup-81x54.jpg 81w\" sizes=\"(max-width: 960px) 100vw, 960px\" \/>\t\t\t\t\t\t\t\t\t\t\t\t\t\t\t<\/div>\n\t\t\t\t<\/div>\n\t\t\t\t\t<\/div>\n\t\t<\/div>\n\t\t\t\t\t\t\t<\/div>\n\t\t<\/section>\n\t\t\t\t<section class=\"elementor-section elementor-top-section elementor-element elementor-element-e92f1bf elementor-section-boxed elementor-section-height-default elementor-section-height-default\" data-id=\"e92f1bf\" data-element_type=\"section\">\n\t\t\t\t\t\t<div class=\"elementor-container elementor-column-gap-default\">\n\t\t\t\t\t<div class=\"elementor-column elementor-col-50 elementor-top-column elementor-element elementor-element-24594f0\" data-id=\"24594f0\" data-element_type=\"column\">\n\t\t\t<div class=\"elementor-widget-wrap elementor-element-populated\">\n\t\t\t\t\t\t\t\t<div class=\"elementor-element elementor-element-e6e54b5 elementor-widget__width-initial elementor-widget elementor-widget-text-editor\" data-id=\"e6e54b5\" data-element_type=\"widget\" data-widget_type=\"text-editor.default\">\n\t\t\t\t<div class=\"elementor-widget-container\">\n\t\t\t<style>\/*! elementor - v3.18.0 - 08-12-2023 *\/\n.elementor-widget-text-editor.elementor-drop-cap-view-stacked .elementor-drop-cap{background-color:#69727d;color:#fff}.elementor-widget-text-editor.elementor-drop-cap-view-framed .elementor-drop-cap{color:#69727d;border:3px solid;background-color:transparent}.elementor-widget-text-editor:not(.elementor-drop-cap-view-default) .elementor-drop-cap{margin-top:8px}.elementor-widget-text-editor:not(.elementor-drop-cap-view-default) .elementor-drop-cap-letter{width:1em;height:1em}.elementor-widget-text-editor .elementor-drop-cap{float:left;text-align:center;line-height:1;font-size:50px}.elementor-widget-text-editor .elementor-drop-cap-letter{display:inline-block}<\/style>\t\t\t\t<p><strong>Tek Kullan\u0131ml\u0131k Medikal \u00d6rt\u00fc Seti<\/strong><\/p><p>USG kullan\u0131m\u0131 gerektiren muayene ve i\u015flemlerde kullan\u0131lan \u00f6rt\u00fc seti<\/p>\t\t\t\t\t\t<\/div>\n\t\t\t\t<\/div>\n\t\t\t\t<div class=\"elementor-element elementor-element-a44f68b elementor-widget elementor-widget-image\" data-id=\"a44f68b\" data-element_type=\"widget\" data-widget_type=\"image.default\">\n\t\t\t\t<div class=\"elementor-widget-container\">\n\t\t\t\t\t\t\t\t\t\t\t\t\t\t\t<img decoding=\"async\" width=\"616\" height=\"461\" src=\"https:\/\/pinars.com.tr\/wp-content\/uploads\/2023\/01\/set-urun-ikon-04-1.png\" class=\"attachment-large size-large wp-image-1174\" alt=\"\" srcset=\"https:\/\/pinars.com.tr\/wp-content\/uploads\/2023\/01\/set-urun-ikon-04-1.png 616w, https:\/\/pinars.com.tr\/wp-content\/uploads\/2023\/01\/set-urun-ikon-04-1-300x225.png 300w, https:\/\/pinars.com.tr\/wp-content\/uploads\/2023\/01\/set-urun-ikon-04-1-600x449.png 600w, https:\/\/pinars.com.tr\/wp-content\/uploads\/2023\/01\/set-urun-ikon-04-1-72x54.png 72w\" sizes=\"(max-width: 616px) 100vw, 616px\" \/>\t\t\t\t\t\t\t\t\t\t\t\t\t\t\t<\/div>\n\t\t\t\t<\/div>\n\t\t\t\t\t<\/div>\n\t\t<\/div>\n\t\t\t\t<div class=\"elementor-column elementor-col-50 elementor-top-column elementor-element elementor-element-94360e5\" data-id=\"94360e5\" data-element_type=\"column\">\n\t\t\t<div class=\"elementor-widget-wrap elementor-element-populated\">\n\t\t\t\t\t\t\t\t<div class=\"elementor-element elementor-element-fa9c3fd elementor-widget__width-initial elementor-widget elementor-widget-text-editor\" data-id=\"fa9c3fd\" data-element_type=\"widget\" data-widget_type=\"text-editor.default\">\n\t\t\t\t<div class=\"elementor-widget-container\">\n\t\t\t\t\t\t\t<table style=\"font-size: 1rem; background-color: #ffffff;\"><tbody><tr><td><b>MS-CK00000<\/b><\/td><\/tr><tr><td>Alet Masa \u00d6rt\u00fcs\u00fc<\/td><td>35x35cm<\/td><td>Polyethylene<\/td><\/tr><tr><td>Prob K\u0131l\u0131f\u0131<\/td><td>\u00a0<\/td><td>\u00a0<\/td><\/tr><tr><td>Ultrason Jeli<\/td><td>20ml<\/td><td>\u00a0<\/td><\/tr><\/tbody><\/table><p>\u00a0<\/p><p>\u00a0<\/p><table><tbody><tr><td>\u00a0<\/td><td><b>MS-CK0000A<\/b><\/td><\/tr><tr><td>\u00a0<\/td><td>Alet Masa \u00d6rt\u00fcs\u00fc<\/td><td>35x35cm<\/td><td>Laminated Hydrophilic PP Spunbond Nonwoven<\/td><\/tr><tr><td>\u00a0<\/td><td>Prob K\u0131l\u0131f\u0131<\/td><td>\u00a0<\/td><td>\u00a0<\/td><\/tr><tr><td class=\"td1\" valign=\"middle\">\u00a0<\/td><td>Ultrason Jeli<\/td><td>20ml<\/td><td>\u00a0<\/td><\/tr><tr><td>2x<\/td><td>Elastik Bant<\/td><td>\u00a0<\/td><td>\u00a0<\/td><\/tr><\/tbody><\/table>\t\t\t\t\t\t<\/div>\n\t\t\t\t<\/div>\n\t\t\t\t\t<\/div>\n\t\t<\/div>\n\t\t\t\t\t\t\t<\/div>\n\t\t<\/section>\n\t\t\t\t\t\t\t<\/div>\n\t\t","protected":false},"excerpt":{"rendered":"<p>Cover Kit Tek Kullan\u0131ml\u0131k Steril \u00d6rt\u00fc Seti Tek Kullan\u0131ml\u0131k Medikal \u00d6rt\u00fc Seti USG kullan\u0131m\u0131 gerektiren muayene ve i\u015flemlerde kullan\u0131lan \u00f6rt\u00fc seti MS-CK00000 Alet Masa \u00d6rt\u00fcs\u00fc 35x35cm Polyethylene Prob K\u0131l\u0131f\u0131 \u00a0 \u00a0 Ultrason Jeli 20ml \u00a0 \u00a0 \u00a0 \u00a0 MS-CK0000A \u00a0 Alet Masa \u00d6rt\u00fcs\u00fc 35x35cm Laminated Hydrophilic PP Spunbond Nonwoven \u00a0 Prob K\u0131l\u0131f\u0131 \u00a0 \u00a0 \u00a0<\/p>\n<div class=\"klb-readmore\"><a class=\"c-btn\" href=\"https:\/\/pinars.com.tr\/index.php\/cover-kit\/\">Read More <i class=\"far fa-plus\"><\/i><\/a><\/div>\n","protected":false},"author":1,"featured_media":0,"parent":0,"menu_order":0,"comment_status":"closed","ping_status":"closed","template":"","meta":{"om_disable_all_campaigns":false,"_monsterinsights_skip_tracking":false,"_monsterinsights_sitenote_active":false,"_monsterinsights_sitenote_note":"","_monsterinsights_sitenote_category":0,"footnotes":""},"class_list":["post-730","page","type-page","status-publish","hentry"],"_links":{"self":[{"href":"https:\/\/pinars.com.tr\/index.php\/wp-json\/wp\/v2\/pages\/730","targetHints":{"allow":["GET"]}}],"collection":[{"href":"https:\/\/pinars.com.tr\/index.php\/wp-json\/wp\/v2\/pages"}],"about":[{"href":"https:\/\/pinars.com.tr\/index.php\/wp-json\/wp\/v2\/types\/page"}],"author":[{"embeddable":true,"href":"https:\/\/pinars.com.tr\/index.php\/wp-json\/wp\/v2\/users\/1"}],"replies":[{"embeddable":true,"href":"https:\/\/pinars.com.tr\/index.php\/wp-json\/wp\/v2\/comments?post=730"}],"version-history":[{"count":40,"href":"https:\/\/pinars.com.tr\/index.php\/wp-json\/wp\/v2\/pages\/730\/revisions"}],"predecessor-version":[{"id":1216,"href":"https:\/\/pinars.com.tr\/index.php\/wp-json\/wp\/v2\/pages\/730\/revisions\/1216"}],"wp:attachment":[{"href":"https:\/\/pinars.com.tr\/index.php\/wp-json\/wp\/v2\/media?parent=730"}],"curies":[{"name":"wp","href":"https:\/\/api.w.org\/{rel}","templated":true}]}}