{"id":732,"date":"2023-01-24T15:22:13","date_gmt":"2023-01-24T15:22:13","guid":{"rendered":"https:\/\/pinarsaglik.com\/?page_id=732"},"modified":"2023-01-26T14:42:51","modified_gmt":"2023-01-26T14:42:51","slug":"histeroskopi-seti","status":"publish","type":"page","link":"https:\/\/pinars.com.tr\/index.php\/histeroskopi-seti\/","title":{"rendered":"Histeroskopi Seti"},"content":{"rendered":"\t\t<div data-elementor-type=\"wp-page\" data-elementor-id=\"732\" class=\"elementor elementor-732\">\n\t\t\t\t\t\t\t\t\t<section class=\"elementor-section elementor-top-section elementor-element elementor-element-8f282e4 elementor-section-full_width elementor-section-height-default elementor-section-height-default\" data-id=\"8f282e4\" data-element_type=\"section\">\n\t\t\t\t\t\t<div class=\"elementor-container elementor-column-gap-default\">\n\t\t\t\t\t<div class=\"elementor-column elementor-col-100 elementor-top-column elementor-element elementor-element-2212b17\" data-id=\"2212b17\" data-element_type=\"column\">\n\t\t\t<div class=\"elementor-widget-wrap elementor-element-populated\">\n\t\t\t\t\t\t\t\t<div class=\"elementor-element elementor-element-fd30baa elementor-widget elementor-widget-medibazar-custom-title\" data-id=\"fd30baa\" data-element_type=\"widget\" data-widget_type=\"medibazar-custom-title.default\">\n\t\t\t\t<div class=\"elementor-widget-container\">\n\t\t\t<div class=\"section-title text-center\"><h2>Histeroskopi Seti<\/h2><p>Tek Kullan\u0131ml\u0131k Steril \u00d6rt\u00fc Seti<\/p><\/div>\t\t<\/div>\n\t\t\t\t<\/div>\n\t\t\t\t<div class=\"elementor-element elementor-element-0fd52da elementor-invisible elementor-widget elementor-widget-image\" data-id=\"0fd52da\" data-element_type=\"widget\" data-settings=\"{&quot;_animation&quot;:&quot;fadeInUp&quot;}\" data-widget_type=\"image.default\">\n\t\t\t\t<div class=\"elementor-widget-container\">\n\t\t\t<style>\/*! elementor - v3.18.0 - 08-12-2023 *\/\n.elementor-widget-image{text-align:center}.elementor-widget-image a{display:inline-block}.elementor-widget-image a img[src$=\".svg\"]{width:48px}.elementor-widget-image img{vertical-align:middle;display:inline-block}<\/style>\t\t\t\t\t\t\t\t\t\t\t\t<img fetchpriority=\"high\" decoding=\"async\" width=\"960\" height=\"540\" src=\"https:\/\/pinars.com.tr\/wp-content\/uploads\/2023\/01\/histereskopi-mockup-1024x576.jpg\" class=\"attachment-large size-large wp-image-974\" alt=\"\" srcset=\"https:\/\/pinars.com.tr\/wp-content\/uploads\/2023\/01\/histereskopi-mockup-1024x576.jpg 1024w, https:\/\/pinars.com.tr\/wp-content\/uploads\/2023\/01\/histereskopi-mockup-300x169.jpg 300w, https:\/\/pinars.com.tr\/wp-content\/uploads\/2023\/01\/histereskopi-mockup-768x432.jpg 768w, https:\/\/pinars.com.tr\/wp-content\/uploads\/2023\/01\/histereskopi-mockup-1536x864.jpg 1536w, https:\/\/pinars.com.tr\/wp-content\/uploads\/2023\/01\/histereskopi-mockup-2048x1152.jpg 2048w, https:\/\/pinars.com.tr\/wp-content\/uploads\/2023\/01\/histereskopi-mockup-600x338.jpg 600w, https:\/\/pinars.com.tr\/wp-content\/uploads\/2023\/01\/histereskopi-mockup-90x51.jpg 90w\" sizes=\"(max-width: 960px) 100vw, 960px\" \/>\t\t\t\t\t\t\t\t\t\t\t\t\t\t\t<\/div>\n\t\t\t\t<\/div>\n\t\t\t\t\t<\/div>\n\t\t<\/div>\n\t\t\t\t\t\t\t<\/div>\n\t\t<\/section>\n\t\t\t\t<section class=\"elementor-section elementor-top-section elementor-element elementor-element-9b9db0e elementor-section-boxed elementor-section-height-default elementor-section-height-default\" data-id=\"9b9db0e\" data-element_type=\"section\">\n\t\t\t\t\t\t<div class=\"elementor-container elementor-column-gap-default\">\n\t\t\t\t\t<div class=\"elementor-column elementor-col-50 elementor-top-column elementor-element elementor-element-a01e54c\" data-id=\"a01e54c\" data-element_type=\"column\">\n\t\t\t<div class=\"elementor-widget-wrap elementor-element-populated\">\n\t\t\t\t\t\t\t\t<div class=\"elementor-element elementor-element-6777b68 elementor-widget elementor-widget-text-editor\" data-id=\"6777b68\" data-element_type=\"widget\" data-widget_type=\"text-editor.default\">\n\t\t\t\t<div class=\"elementor-widget-container\">\n\t\t\t<style>\/*! elementor - v3.18.0 - 08-12-2023 *\/\n.elementor-widget-text-editor.elementor-drop-cap-view-stacked .elementor-drop-cap{background-color:#69727d;color:#fff}.elementor-widget-text-editor.elementor-drop-cap-view-framed .elementor-drop-cap{color:#69727d;border:3px solid;background-color:transparent}.elementor-widget-text-editor:not(.elementor-drop-cap-view-default) .elementor-drop-cap{margin-top:8px}.elementor-widget-text-editor:not(.elementor-drop-cap-view-default) .elementor-drop-cap-letter{width:1em;height:1em}.elementor-widget-text-editor .elementor-drop-cap{float:left;text-align:center;line-height:1;font-size:50px}.elementor-widget-text-editor .elementor-drop-cap-letter{display:inline-block}<\/style>\t\t\t\t<p><strong>Tek Kullan\u0131ml\u0131k Medikal \u00d6rt\u00fc Seti<\/strong><\/p><p>Histeroskopi i\u015flemi i\u00e7in kullan\u0131lan \u00f6rt\u00fc seti<\/p>\t\t\t\t\t\t<\/div>\n\t\t\t\t<\/div>\n\t\t\t\t<div class=\"elementor-element elementor-element-6daf159 elementor-widget elementor-widget-image\" data-id=\"6daf159\" data-element_type=\"widget\" data-widget_type=\"image.default\">\n\t\t\t\t<div class=\"elementor-widget-container\">\n\t\t\t\t\t\t\t\t\t\t\t\t\t\t\t<img decoding=\"async\" width=\"616\" height=\"921\" src=\"https:\/\/pinars.com.tr\/wp-content\/uploads\/2023\/01\/set-urun-ikon-03-1.png\" class=\"attachment-large size-large wp-image-1175\" alt=\"\" srcset=\"https:\/\/pinars.com.tr\/wp-content\/uploads\/2023\/01\/set-urun-ikon-03-1.png 616w, https:\/\/pinars.com.tr\/wp-content\/uploads\/2023\/01\/set-urun-ikon-03-1-201x300.png 201w, https:\/\/pinars.com.tr\/wp-content\/uploads\/2023\/01\/set-urun-ikon-03-1-600x897.png 600w, https:\/\/pinars.com.tr\/wp-content\/uploads\/2023\/01\/set-urun-ikon-03-1-36x54.png 36w\" sizes=\"(max-width: 616px) 100vw, 616px\" \/>\t\t\t\t\t\t\t\t\t\t\t\t\t\t\t<\/div>\n\t\t\t\t<\/div>\n\t\t\t\t\t<\/div>\n\t\t<\/div>\n\t\t\t\t<div class=\"elementor-column elementor-col-50 elementor-top-column elementor-element elementor-element-4dc2fae\" data-id=\"4dc2fae\" data-element_type=\"column\">\n\t\t\t<div class=\"elementor-widget-wrap elementor-element-populated\">\n\t\t\t\t\t\t\t\t<div class=\"elementor-element elementor-element-58f72b8 elementor-widget__width-initial elementor-widget elementor-widget-text-editor\" data-id=\"58f72b8\" data-element_type=\"widget\" data-widget_type=\"text-editor.default\">\n\t\t\t\t<div class=\"elementor-widget-container\">\n\t\t\t\t\t\t\t<table class=\"t1\" cellspacing=\"0\" cellpadding=\"0\"><tbody><tr><td class=\"td1\" valign=\"middle\"><p class=\"p1\">\u00a0<\/p><\/td><td class=\"td1\" valign=\"middle\"><p class=\"p2\"><b>MS-HS15130<\/b><\/p><\/td><\/tr><tr><td class=\"td1\" valign=\"middle\">\u00a0<\/td><td class=\"td1\" valign=\"middle\"><p class=\"p4\"><span class=\"Apple-converted-space\">\u00a0\u00a0<\/span><\/p><p class=\"p4\">Hasta \u00d6rt\u00fcs\u00fc (Delikli)<\/p><\/td><td class=\"td1\" valign=\"middle\"><p class=\"p4\">150x130cm<\/p><\/td><td class=\"td1\" valign=\"middle\"><p class=\"p4\">Laminated Hydrophilic PP Spunbond Nonwoven<\/p><\/td><\/tr><tr><td class=\"td1\" valign=\"middle\">\u00a0<\/td><td class=\"td1\" valign=\"middle\"><p class=\"p4\">Alet Masa \u00d6rt\u00fcs\u00fc<\/p><\/td><td class=\"td1\" valign=\"middle\"><p class=\"p4\">150x100cm<\/p><\/td><td class=\"td1\" valign=\"middle\"><p class=\"p4\">Polyethylene &amp; Hydrophilic PP Spunbond Nonwoven<\/p><\/td><\/tr><tr><td class=\"td1\" valign=\"middle\">\u00a0<\/td><td class=\"td1\" valign=\"middle\"><p class=\"p4\">D\u00fcz \u00d6rt\u00fc<\/p><\/td><td class=\"td1\" valign=\"middle\"><p class=\"p4\">80x80cm<\/p><\/td><td class=\"td1\" valign=\"middle\"><p class=\"p4\">Hydrophilic PP Spunbond Nonwoven<\/p><\/td><\/tr><tr><td class=\"td1\" valign=\"middle\"><p class=\"p5\">2x<\/p><\/td><td class=\"td1\" valign=\"middle\"><p class=\"p4\">Litotomik Bacak K\u0131l\u0131f\u0131<\/p><\/td><td class=\"td1\" valign=\"middle\"><p class=\"p4\">110x53cm<\/p><\/td><td class=\"td1\" valign=\"middle\"><p class=\"p4\">Laminated PP Spunbond Nonwoven<\/p><\/td><\/tr><tr><td class=\"td1\" valign=\"middle\">\u00a0<\/td><td class=\"td1\" valign=\"middle\"><p class=\"p4\">Kamera K\u0131l\u0131f\u0131<\/p><\/td><td class=\"td1\" valign=\"middle\">\u00a0<\/td><td class=\"td1\" valign=\"middle\">\u00a0<\/td><\/tr><tr><td class=\"td1\" valign=\"middle\"><p class=\"p5\">2x<\/p><\/td><td class=\"td1\" valign=\"middle\"><p class=\"p4\">Standart Cerrahi \u00d6nl\u00fck<\/p><\/td><td class=\"td1\" valign=\"middle\"><p class=\"p4\">Size: L<\/p><\/td><td class=\"td1\" valign=\"middle\"><p class=\"p6\">\u00a0<\/p><\/td><\/tr><tr><td class=\"td1\" valign=\"middle\"><p class=\"p5\">2x<\/p><\/td><td class=\"td1\" valign=\"middle\"><p class=\"p4\">Havlu<\/p><\/td><td class=\"td1\" valign=\"middle\"><p class=\"p4\">40x40cm<\/p><\/td><td class=\"td1\" valign=\"middle\">\u00a0<\/td><\/tr><tr><td class=\"td1\" valign=\"middle\"><p class=\"p5\">5x<\/p><\/td><td class=\"td1\" valign=\"middle\"><p class=\"p4\"><span class=\"Apple-converted-space\">\u00a0 \u00a0<\/span><\/p><p class=\"p4\">Span\u00e7<\/p><\/td><td class=\"td1\" valign=\"middle\"><p class=\"p4\">7,5&#215;7,5cm<\/p><\/td><td class=\"td1\" valign=\"middle\"><p class=\"p4\">8 Layered<\/p><p>\u00a0<\/p><\/td><\/tr><\/tbody><\/table><p>\u00a0<\/p><table class=\"t1\" cellspacing=\"0\" cellpadding=\"0\"><tbody><tr><td class=\"td1\" valign=\"middle\">\u00a0<\/td><td class=\"td1\" valign=\"middle\"><p class=\"p2\"><b>MS-HS15131<\/b><\/p><\/td><\/tr><tr><td class=\"td1\" valign=\"middle\">\u00a0<\/td><td class=\"td1\" valign=\"middle\"><p class=\"p4\"><span style=\"background-color: transparent;\">Hasta \u00d6rt\u00fcs\u00fc (Delikli)<\/span><\/p><\/td><td class=\"td1\" valign=\"middle\"><p class=\"p4\">150x130cm<\/p><\/td><td class=\"td1\" valign=\"middle\"><p class=\"p4\">Laminated Hydrophilic PP Spunbond Nonwoven<\/p><\/td><\/tr><tr><td class=\"td1\" valign=\"middle\">\u00a0<\/td><td class=\"td1\" valign=\"middle\"><p class=\"p4\"><span style=\"background-color: transparent;\">Alet Masa \u00d6rt\u00fcs\u00fc<\/span><\/p><\/td><td class=\"td1\" valign=\"middle\"><p class=\"p4\">150x100cm<\/p><\/td><td class=\"td1\" valign=\"middle\"><p class=\"p4\">Hydrophilic PP Spunbond Nonwoven<\/p><\/td><\/tr><tr><td class=\"td1\" valign=\"middle\">\u00a0<\/td><td class=\"td1\" valign=\"middle\"><p class=\"p4\"><span style=\"background-color: transparent;\">D\u00fcz \u00d6rt\u00fc<\/span><\/p><\/td><td class=\"td1\" valign=\"middle\"><p class=\"p4\">80x80cm<\/p><\/td><td class=\"td1\" valign=\"middle\"><p class=\"p4\">Hydrophilic PP Spunbond Nonwoven<\/p><\/td><\/tr><tr><td class=\"td1\" valign=\"middle\"><p class=\"p5\">2x<\/p><\/td><td class=\"td1\" valign=\"middle\"><p class=\"p4\"><span style=\"background-color: transparent;\">Litotomik Bacak K\u0131l\u0131f\u0131<\/span><\/p><\/td><td class=\"td1\" valign=\"middle\"><p class=\"p4\">110x53cm<\/p><\/td><td class=\"td1\" valign=\"middle\"><p class=\"p4\">Laminated PP Spunbond Nonwoven<\/p><\/td><\/tr><tr><td class=\"td1\" valign=\"middle\">\u00a0<\/td><td class=\"td1\" valign=\"middle\"><p class=\"p4\">Kamera K\u0131l\u0131f\u0131<\/p><\/td><td class=\"td1\" valign=\"middle\">\u00a0<\/td><td class=\"td1\" valign=\"middle\">\u00a0<\/td><\/tr><tr><td class=\"td1\" valign=\"middle\"><p class=\"p5\">2x<\/p><\/td><td class=\"td1\" valign=\"middle\"><p class=\"p4\"><span style=\"background-color: transparent;\">Standart Cerrahi \u00d6nl\u00fck<\/span><\/p><\/td><td class=\"td1\" valign=\"middle\"><p class=\"p4\">Size: L<\/p><\/td><td class=\"td1\" valign=\"middle\">\u00a0<\/td><\/tr><tr><td class=\"td1\" valign=\"middle\"><p class=\"p5\">2x<\/p><\/td><td class=\"td1\" valign=\"middle\"><p class=\"p4\"><span style=\"background-color: transparent;\">Havlu<\/span><\/p><\/td><td class=\"td1\" valign=\"middle\"><p class=\"p4\">40x40cm<\/p><\/td><td class=\"td1\" valign=\"middle\">\u00a0<\/td><\/tr><tr><td class=\"td1\" valign=\"middle\"><p class=\"p5\">5x<\/p><\/td><td class=\"td1\" valign=\"middle\"><p class=\"p4\"><span style=\"background-color: transparent;\">Span\u00e7\u00a0<\/span><\/p><\/td><td class=\"td1\" valign=\"middle\"><p class=\"p4\">7,5&#215;7,5cm<\/p><\/td><td class=\"td1\" valign=\"middle\"><p class=\"p4\">8 Layered<\/p><\/td><\/tr><\/tbody><\/table>\t\t\t\t\t\t<\/div>\n\t\t\t\t<\/div>\n\t\t\t\t\t<\/div>\n\t\t<\/div>\n\t\t\t\t\t\t\t<\/div>\n\t\t<\/section>\n\t\t\t\t\t\t\t<\/div>\n\t\t","protected":false},"excerpt":{"rendered":"<p>Histeroskopi Seti Tek Kullan\u0131ml\u0131k Steril \u00d6rt\u00fc Seti Tek Kullan\u0131ml\u0131k Medikal \u00d6rt\u00fc Seti Histeroskopi i\u015flemi i\u00e7in kullan\u0131lan \u00f6rt\u00fc seti \u00a0 MS-HS15130 \u00a0 \u00a0\u00a0 Hasta \u00d6rt\u00fcs\u00fc (Delikli) 150x130cm Laminated Hydrophilic PP Spunbond Nonwoven \u00a0 Alet Masa \u00d6rt\u00fcs\u00fc 150x100cm Polyethylene &amp; Hydrophilic PP Spunbond Nonwoven \u00a0 D\u00fcz \u00d6rt\u00fc 80x80cm Hydrophilic PP Spunbond Nonwoven 2x Litotomik Bacak K\u0131l\u0131f\u0131 110x53cm<\/p>\n<div class=\"klb-readmore\"><a class=\"c-btn\" href=\"https:\/\/pinars.com.tr\/index.php\/histeroskopi-seti\/\">Read More <i class=\"far fa-plus\"><\/i><\/a><\/div>\n","protected":false},"author":1,"featured_media":0,"parent":0,"menu_order":0,"comment_status":"closed","ping_status":"closed","template":"","meta":{"om_disable_all_campaigns":false,"_monsterinsights_skip_tracking":false,"_monsterinsights_sitenote_active":false,"_monsterinsights_sitenote_note":"","_monsterinsights_sitenote_category":0,"footnotes":""},"class_list":["post-732","page","type-page","status-publish","hentry"],"_links":{"self":[{"href":"https:\/\/pinars.com.tr\/index.php\/wp-json\/wp\/v2\/pages\/732","targetHints":{"allow":["GET"]}}],"collection":[{"href":"https:\/\/pinars.com.tr\/index.php\/wp-json\/wp\/v2\/pages"}],"about":[{"href":"https:\/\/pinars.com.tr\/index.php\/wp-json\/wp\/v2\/types\/page"}],"author":[{"embeddable":true,"href":"https:\/\/pinars.com.tr\/index.php\/wp-json\/wp\/v2\/users\/1"}],"replies":[{"embeddable":true,"href":"https:\/\/pinars.com.tr\/index.php\/wp-json\/wp\/v2\/comments?post=732"}],"version-history":[{"count":28,"href":"https:\/\/pinars.com.tr\/index.php\/wp-json\/wp\/v2\/pages\/732\/revisions"}],"predecessor-version":[{"id":1195,"href":"https:\/\/pinars.com.tr\/index.php\/wp-json\/wp\/v2\/pages\/732\/revisions\/1195"}],"wp:attachment":[{"href":"https:\/\/pinars.com.tr\/index.php\/wp-json\/wp\/v2\/media?parent=732"}],"curies":[{"name":"wp","href":"https:\/\/api.w.org\/{rel}","templated":true}]}}