{"id":792,"date":"2023-01-24T15:54:54","date_gmt":"2023-01-24T15:54:54","guid":{"rendered":"https:\/\/pinarsaglik.com\/index.php\/home-1-english\/"},"modified":"2023-01-26T16:30:30","modified_gmt":"2023-01-26T16:30:30","slug":"homepage-english","status":"publish","type":"page","link":"https:\/\/pinars.com.tr\/index.php\/en\/homepage-english\/","title":{"rendered":"Homepage"},"content":{"rendered":"\t\t<div data-elementor-type=\"wp-page\" data-elementor-id=\"792\" class=\"elementor elementor-792\">\n\t\t\t\t\t\t\t\t\t<section class=\"elementor-section elementor-top-section elementor-element elementor-element-19088ac elementor-section-full_width elementor-section-height-default elementor-section-height-default\" data-id=\"19088ac\" data-element_type=\"section\">\n\t\t\t\t\t\t<div class=\"elementor-container elementor-column-gap-no\">\n\t\t\t\t\t<div class=\"elementor-column elementor-col-100 elementor-top-column elementor-element elementor-element-3db3b9d\" data-id=\"3db3b9d\" data-element_type=\"column\">\n\t\t\t<div class=\"elementor-widget-wrap elementor-element-populated\">\n\t\t\t\t\t\t\t\t<div class=\"elementor-element elementor-element-acf1f71 elementor-widget elementor-widget-slider_revolution\" data-id=\"acf1f71\" data-element_type=\"widget\" data-widget_type=\"slider_revolution.default\">\n\t\t\t\t<div class=\"elementor-widget-container\">\n\t\t\t\n\t\t<div class=\"wp-block-themepunch-revslider\">\n\t\t\t<!-- START Slider en REVOLUTION SLIDER 6.6.8 --><p class=\"rs-p-wp-fix\"><\/p>\n\t\t\t<rs-module-wrap id=\"rev_slider_2_1_wrapper\" data-source=\"gallery\" style=\"visibility:hidden;background:transparent;padding:0;margin:0px auto;margin-top:0;margin-bottom:0;\">\n\t\t\t\t<rs-module id=\"rev_slider_2_1\" style=\"\" data-version=\"6.6.8\">\n\t\t\t\t\t<rs-slides style=\"overflow: hidden; position: absolute;\">\n\t\t\t\t\t\t<rs-slide style=\"position: absolute;\" data-key=\"rs-2\" data-title=\"Slide\" data-in=\"o:0;\" data-out=\"a:false;\">\n\t\t\t\t\t\t\t<img fetchpriority=\"high\" decoding=\"async\" src=\"\/\/pinars.com.tr\/wp-content\/plugins\/revslider\/public\/assets\/assets\/dummy.png\" alt=\"\" title=\"PS_medical_services\" width=\"2000\" height=\"1055\" class=\"rev-slidebg tp-rs-img rs-lazyload\" data-lazyload=\"\/\/pinars.com.tr\/wp-content\/uploads\/2023\/01\/PS_medical_services.jpg\" data-no-retina>\n<!--\n\t\t\t\t\t\t\t--><rs-layer\n\t\t\t\t\t\t\t\tid=\"slider-2-slide-2-layer-0\" \n\t\t\t\t\t\t\t\tdata-type=\"text\"\n\t\t\t\t\t\t\t\tdata-color=\"#ffffff\"\n\t\t\t\t\t\t\t\tdata-rsp_ch=\"on\"\n\t\t\t\t\t\t\t\tdata-xy=\"x:125px;y:443px;\"\n\t\t\t\t\t\t\t\tdata-text=\"w:normal;s:33;fw:800;\"\n\t\t\t\t\t\t\t\tdata-dim=\"w:786px;\"\n\t\t\t\t\t\t\t\tdata-frame_1=\"st:430;sp:500;sR:430;\"\n\t\t\t\t\t\t\t\tdata-frame_999=\"o:0;st:w;sR:8070;\"\n\t\t\t\t\t\t\t\tstyle=\"z-index:6;font-family:'Arial', 'Helvetica', 'sans-serif';\"\n\t\t\t\t\t\t\t>YOUR HEALTH IS UNDER YOUR CONTROL \n\t\t\t\t\t\t\t<\/rs-layer><!--\n\n\t\t\t\t\t\t\t--><rs-layer\n\t\t\t\t\t\t\t\tid=\"slider-2-slide-2-layer-1\" \n\t\t\t\t\t\t\t\tdata-type=\"shape\"\n\t\t\t\t\t\t\t\tdata-rsp_ch=\"on\"\n\t\t\t\t\t\t\t\tdata-xy=\"x:c;y:c;\"\n\t\t\t\t\t\t\t\tdata-text=\"w:normal;\"\n\t\t\t\t\t\t\t\tdata-dim=\"w:100%;h:100%;\"\n\t\t\t\t\t\t\t\tdata-basealign=\"slide\"\n\t\t\t\t\t\t\t\tdata-frame_999=\"o:0;st:w;sR:8700;\"\n\t\t\t\t\t\t\t\tstyle=\"z-index:5;background-color:rgba(0,23,234,0.6);\"\n\t\t\t\t\t\t\t> \n\t\t\t\t\t\t\t<\/rs-layer><!--\n\n\t\t\t\t\t\t\t--><rs-layer\n\t\t\t\t\t\t\t\tid=\"slider-2-slide-2-layer-2\" \n\t\t\t\t\t\t\t\tdata-type=\"image\"\n\t\t\t\t\t\t\t\tdata-rsp_ch=\"on\"\n\t\t\t\t\t\t\t\tdata-xy=\"x:127px;y:353px;\"\n\t\t\t\t\t\t\t\tdata-text=\"w:normal;\"\n\t\t\t\t\t\t\t\tdata-dim=\"w:655px;h:66px;\"\n\t\t\t\t\t\t\t\tdata-frame_1=\"st:180;sp:500;sR:180;\"\n\t\t\t\t\t\t\t\tdata-frame_999=\"o:0;st:w;sR:8320;\"\n\t\t\t\t\t\t\t\tstyle=\"z-index:7;\"\n\t\t\t\t\t\t\t><img decoding=\"async\" src=\"\/\/pinars.com.tr\/wp-content\/plugins\/revslider\/public\/assets\/assets\/dummy.png\" alt=\"\" class=\"tp-rs-img rs-lazyload\" width=\"655\" height=\"66\" data-lazyload=\"\/\/pinars.com.tr\/wp-content\/uploads\/2023\/01\/PS_Logo_type.png\" data-no-retina> \n\t\t\t\t\t\t\t<\/rs-layer><!--\n-->\t\t\t\t\t\t<\/rs-slide>\n\t\t\t\t\t<\/rs-slides>\n\t\t\t\t<\/rs-module>\n\t\t\t\t<script>\n\t\t\t\t\tsetREVStartSize({c: 'rev_slider_2_1',rl:[1240,1024,778,480],el:[900],gw:[1240],gh:[900],type:'standard',justify:'',layout:'fullwidth',mh:\"0\"});if (window.RS_MODULES!==undefined && window.RS_MODULES.modules!==undefined && window.RS_MODULES.modules[\"revslider21\"]!==undefined) {window.RS_MODULES.modules[\"revslider21\"].once = false;window.revapi2 = undefined;if (window.RS_MODULES.checkMinimal!==undefined) window.RS_MODULES.checkMinimal()}\n\t\t\t\t<\/script>\n\t\t\t<\/rs-module-wrap>\n\t\t\t<!-- END REVOLUTION SLIDER -->\n<\/div>\n\n\t\t\t\t<\/div>\n\t\t\t\t<\/div>\n\t\t\t\t\t<\/div>\n\t\t<\/div>\n\t\t\t\t\t\t\t<\/div>\n\t\t<\/section>\n\t\t\t\t<section class=\"elementor-section elementor-top-section elementor-element elementor-element-43bee8f elementor-section-boxed elementor-section-height-default elementor-section-height-default\" data-id=\"43bee8f\" data-element_type=\"section\">\n\t\t\t\t\t\t<div class=\"elementor-container elementor-column-gap-default\">\n\t\t\t\t\t<div class=\"elementor-column elementor-col-100 elementor-top-column elementor-element elementor-element-3ec785d\" data-id=\"3ec785d\" data-element_type=\"column\">\n\t\t\t<div class=\"elementor-widget-wrap elementor-element-populated\">\n\t\t\t\t\t\t\t\t<div class=\"elementor-element elementor-element-aa5143a elementor-widget elementor-widget-text-editor\" data-id=\"aa5143a\" data-element_type=\"widget\" data-widget_type=\"text-editor.default\">\n\t\t\t\t<div class=\"elementor-widget-container\">\n\t\t\t<style>\/*! elementor - v3.18.0 - 08-12-2023 *\/\n.elementor-widget-text-editor.elementor-drop-cap-view-stacked .elementor-drop-cap{background-color:#69727d;color:#fff}.elementor-widget-text-editor.elementor-drop-cap-view-framed .elementor-drop-cap{color:#69727d;border:3px solid;background-color:transparent}.elementor-widget-text-editor:not(.elementor-drop-cap-view-default) .elementor-drop-cap{margin-top:8px}.elementor-widget-text-editor:not(.elementor-drop-cap-view-default) .elementor-drop-cap-letter{width:1em;height:1em}.elementor-widget-text-editor .elementor-drop-cap{float:left;text-align:center;line-height:1;font-size:50px}.elementor-widget-text-editor .elementor-drop-cap-letter{display:inline-block}<\/style>\t\t\t\tP\u0131nar Health Services was established in Ankara in 1987 to follow the development of technology in the medical field for our health and to make these developments available to everyone.\n\n<br><br>\n\nShe started her life with the sale of &#8220;Telescopic Glasses&#8221;, which is one of the auxiliary methods for those with low vision, and continued on its way with contact lenses and medical drape sets.\n<br><br>\n\nNow, it also contributes to the developments in the medical field with the &#8216;EASY Smear &#8211; Disposable Sterile Smear Tool.\t\t\t\t\t\t<\/div>\n\t\t\t\t<\/div>\n\t\t\t\t\t<\/div>\n\t\t<\/div>\n\t\t\t\t\t\t\t<\/div>\n\t\t<\/section>\n\t\t\t\t<section class=\"elementor-section elementor-top-section elementor-element elementor-element-061cb99 elementor-section-content-space-between elementor-section-stretched elementor-section-boxed elementor-section-height-default elementor-section-height-default\" data-id=\"061cb99\" data-element_type=\"section\" data-settings=\"{&quot;stretch_section&quot;:&quot;section-stretched&quot;}\">\n\t\t\t\t\t\t<div class=\"elementor-container elementor-column-gap-narrow\">\n\t\t\t\t\t<div class=\"elementor-column elementor-col-50 elementor-top-column elementor-element elementor-element-44bd0c4\" data-id=\"44bd0c4\" data-element_type=\"column\">\n\t\t\t<div class=\"elementor-widget-wrap elementor-element-populated\">\n\t\t\t\t\t\t\t\t<div class=\"elementor-element elementor-element-a799cbc elementor-widget elementor-widget-medibazar-single-banner\" data-id=\"a799cbc\" data-element_type=\"widget\" data-widget_type=\"medibazar-single-banner.default\">\n\t\t\t\t<div class=\"elementor-widget-container\">\n\t\t\t<div class=\"banner-wrapper\"><div class=\"banner-img pos-rel\"><a href=\"https:\/\/pinars.com.tr\/index.php\/en\/easy-smear\/\"><img decoding=\"async\" src=\"https:\/\/pinars.com.tr\/wp-content\/uploads\/2023\/01\/MFT_2398-1-scaled.jpg\" alt=\"banner1\"><\/a><div class=\"banner-text\"><span><\/span><h2><\/h2><div class=\"b-button red-b-button\"><\/div><\/div><\/div><\/div>\t\t<\/div>\n\t\t\t\t<\/div>\n\t\t\t\t\t<\/div>\n\t\t<\/div>\n\t\t\t\t<div class=\"elementor-column elementor-col-50 elementor-top-column elementor-element elementor-element-e2a2980\" data-id=\"e2a2980\" data-element_type=\"column\">\n\t\t\t<div class=\"elementor-widget-wrap elementor-element-populated\">\n\t\t\t\t\t\t\t\t<div class=\"elementor-element elementor-element-4cb0081 elementor-widget elementor-widget-medibazar-single-banner\" data-id=\"4cb0081\" data-element_type=\"widget\" data-widget_type=\"medibazar-single-banner.default\">\n\t\t\t\t<div class=\"elementor-widget-container\">\n\t\t\t<div class=\"banner-wrapper\"><div class=\"banner-img pos-rel\"><a href=\"https:\/\/pinars.com.tr\/index.php\/gyn-smear\/\"><img decoding=\"async\" src=\"https:\/\/pinars.com.tr\/wp-content\/uploads\/2023\/01\/MFT_3555-scaled.jpg\" alt=\"banner1\"><\/a><div class=\"banner-text\"><span><\/span><h2><\/h2><div class=\"b-button red-b-button\"><\/div><\/div><\/div><\/div>\t\t<\/div>\n\t\t\t\t<\/div>\n\t\t\t\t\t<\/div>\n\t\t<\/div>\n\t\t\t\t\t\t\t<\/div>\n\t\t<\/section>\n\t\t\t\t<section class=\"elementor-section elementor-top-section elementor-element elementor-element-b2ed1f7 elementor-section-content-space-evenly elementor-section-boxed elementor-section-height-default elementor-section-height-default\" data-id=\"b2ed1f7\" data-element_type=\"section\">\n\t\t\t\t\t\t<div class=\"elementor-container elementor-column-gap-narrow\">\n\t\t\t\t\t<div class=\"elementor-column elementor-col-50 elementor-top-column elementor-element elementor-element-f9617a1\" data-id=\"f9617a1\" data-element_type=\"column\">\n\t\t\t<div class=\"elementor-widget-wrap elementor-element-populated\">\n\t\t\t\t\t\t\t\t<div class=\"elementor-element elementor-element-5575c63 elementor-widget elementor-widget-medibazar-single-banner\" data-id=\"5575c63\" data-element_type=\"widget\" data-widget_type=\"medibazar-single-banner.default\">\n\t\t\t\t<div class=\"elementor-widget-container\">\n\t\t\t<div class=\"banner-wrapper\"><div class=\"banner-img pos-rel\"><a href=\"https:\/\/pinars.com.tr\/index.php\/en\/cell-presevative\/\"><img decoding=\"async\" src=\"https:\/\/pinars.com.tr\/wp-content\/uploads\/2023\/01\/MFT_1125-scaled.jpg\" alt=\"banner1\"><\/a><div class=\"banner-text\"><span>Cell Preservartive Solution<\/span><h2><\/h2><div class=\"b-button red-b-button\"><\/div><\/div><\/div><\/div>\t\t<\/div>\n\t\t\t\t<\/div>\n\t\t\t\t\t<\/div>\n\t\t<\/div>\n\t\t\t\t<div class=\"elementor-column elementor-col-50 elementor-top-column elementor-element elementor-element-cc9216c\" data-id=\"cc9216c\" data-element_type=\"column\">\n\t\t\t<div class=\"elementor-widget-wrap elementor-element-populated\">\n\t\t\t\t\t\t\t\t<div class=\"elementor-element elementor-element-42272bb elementor-widget elementor-widget-medibazar-single-banner\" data-id=\"42272bb\" data-element_type=\"widget\" data-widget_type=\"medibazar-single-banner.default\">\n\t\t\t\t<div class=\"elementor-widget-container\">\n\t\t\t<div class=\"banner-wrapper\"><div class=\"banner-img pos-rel\"><a href=\"\"><img decoding=\"async\" src=\"https:\/\/pinars.com.tr\/wp-content\/uploads\/2023\/01\/opu-mockup-scaled.jpg\" alt=\"banner1\"><\/a><div class=\"banner-text\"><span>OPU Set<\/span><h2><\/h2><div class=\"b-button red-b-button\"><\/div><\/div><\/div><\/div>\t\t<\/div>\n\t\t\t\t<\/div>\n\t\t\t\t\t<\/div>\n\t\t<\/div>\n\t\t\t\t\t\t\t<\/div>\n\t\t<\/section>\n\t\t\t\t<section class=\"elementor-section elementor-top-section elementor-element elementor-element-73b1186 elementor-section-boxed elementor-section-height-default elementor-section-height-default\" data-id=\"73b1186\" data-element_type=\"section\">\n\t\t\t\t\t\t<div class=\"elementor-container elementor-column-gap-narrow\">\n\t\t\t\t\t<div class=\"elementor-column elementor-col-50 elementor-top-column elementor-element elementor-element-9b87bdd\" data-id=\"9b87bdd\" data-element_type=\"column\">\n\t\t\t<div class=\"elementor-widget-wrap elementor-element-populated\">\n\t\t\t\t\t\t\t\t<div class=\"elementor-element elementor-element-1d4b660 elementor-widget elementor-widget-medibazar-single-banner\" data-id=\"1d4b660\" data-element_type=\"widget\" data-widget_type=\"medibazar-single-banner.default\">\n\t\t\t\t<div class=\"elementor-widget-container\">\n\t\t\t<div class=\"banner-wrapper\"><div class=\"banner-img pos-rel\"><a href=\"https:\/\/pinars.com.tr\/index.php\/tese-seti\/\"><img decoding=\"async\" src=\"https:\/\/pinars.com.tr\/wp-content\/uploads\/2023\/01\/tese-mockup-scaled.jpg\" alt=\"banner1\"><\/a><div class=\"banner-text\"><span>TESE Set<\/span><h2><\/h2><div class=\"b-button red-b-button\"><\/div><\/div><\/div><\/div>\t\t<\/div>\n\t\t\t\t<\/div>\n\t\t\t\t\t<\/div>\n\t\t<\/div>\n\t\t\t\t<div class=\"elementor-column elementor-col-50 elementor-top-column elementor-element elementor-element-6916c10\" data-id=\"6916c10\" data-element_type=\"column\">\n\t\t\t<div class=\"elementor-widget-wrap elementor-element-populated\">\n\t\t\t\t\t\t\t\t<div class=\"elementor-element elementor-element-7ba192d elementor-widget elementor-widget-medibazar-single-banner\" data-id=\"7ba192d\" data-element_type=\"widget\" data-widget_type=\"medibazar-single-banner.default\">\n\t\t\t\t<div class=\"elementor-widget-container\">\n\t\t\t<div class=\"banner-wrapper\"><div class=\"banner-img pos-rel\"><a href=\"https:\/\/pinars.com.tr\/index.php\/histeroskopi-seti\/\"><img decoding=\"async\" src=\"https:\/\/pinars.com.tr\/wp-content\/uploads\/2023\/01\/histereskopi-mockup-scaled.jpg\" alt=\"banner1\"><\/a><div class=\"banner-text\"><span>Hysteroscopy Set<\/span><h2><\/h2><div class=\"b-button red-b-button\"><\/div><\/div><\/div><\/div>\t\t<\/div>\n\t\t\t\t<\/div>\n\t\t\t\t\t<\/div>\n\t\t<\/div>\n\t\t\t\t\t\t\t<\/div>\n\t\t<\/section>\n\t\t\t\t<section class=\"elementor-section elementor-top-section elementor-element elementor-element-f37e774 elementor-section-boxed elementor-section-height-default elementor-section-height-default\" data-id=\"f37e774\" data-element_type=\"section\">\n\t\t\t\t\t\t<div class=\"elementor-container elementor-column-gap-narrow\">\n\t\t\t\t\t<div class=\"elementor-column elementor-col-50 elementor-top-column elementor-element elementor-element-432431f\" data-id=\"432431f\" data-element_type=\"column\">\n\t\t\t<div class=\"elementor-widget-wrap elementor-element-populated\">\n\t\t\t\t\t\t\t\t<div class=\"elementor-element elementor-element-aa80583 elementor-widget elementor-widget-medibazar-single-banner\" data-id=\"aa80583\" data-element_type=\"widget\" data-widget_type=\"medibazar-single-banner.default\">\n\t\t\t\t<div class=\"elementor-widget-container\">\n\t\t\t<div class=\"banner-wrapper\"><div class=\"banner-img pos-rel\"><a href=\"https:\/\/pinars.com.tr\/index.php\/en\/cover-kit-2\/\"><img decoding=\"async\" src=\"https:\/\/pinars.com.tr\/wp-content\/uploads\/2023\/01\/cover-mockup-scaled.jpg\" alt=\"banner1\"><\/a><div class=\"banner-text\"><span> Cover Kit<\/span><h2><\/h2><div class=\"b-button red-b-button\"><\/div><\/div><\/div><\/div>\t\t<\/div>\n\t\t\t\t<\/div>\n\t\t\t\t\t<\/div>\n\t\t<\/div>\n\t\t\t\t<div class=\"elementor-column elementor-col-50 elementor-top-column elementor-element elementor-element-b86f5ea\" data-id=\"b86f5ea\" data-element_type=\"column\">\n\t\t\t<div class=\"elementor-widget-wrap elementor-element-populated\">\n\t\t\t\t\t\t\t\t<div class=\"elementor-element elementor-element-7648cb3 elementor-widget elementor-widget-medibazar-single-banner\" data-id=\"7648cb3\" data-element_type=\"widget\" data-widget_type=\"medibazar-single-banner.default\">\n\t\t\t\t<div class=\"elementor-widget-container\">\n\t\t\t<div class=\"banner-wrapper\"><div class=\"banner-img pos-rel\"><a href=\"https:\/\/pinars.com.tr\/index.php\/en\/et-set\/\"><img decoding=\"async\" src=\"https:\/\/pinars.com.tr\/wp-content\/uploads\/2023\/01\/et-mockup-scaled.jpg\" alt=\"banner1\"><\/a><div class=\"banner-text\"><span> ET Set<\/span><h2><\/h2><div class=\"b-button red-b-button\"><\/div><\/div><\/div><\/div>\t\t<\/div>\n\t\t\t\t<\/div>\n\t\t\t\t\t<\/div>\n\t\t<\/div>\n\t\t\t\t\t\t\t<\/div>\n\t\t<\/section>\n\t\t\t\t<section class=\"elementor-section elementor-top-section elementor-element elementor-element-906e644 elementor-section-boxed elementor-section-height-default elementor-section-height-default\" data-id=\"906e644\" data-element_type=\"section\">\n\t\t\t\t\t\t<div class=\"elementor-container elementor-column-gap-default\">\n\t\t\t\t\t<div class=\"elementor-column elementor-col-100 elementor-top-column elementor-element elementor-element-b131b46\" data-id=\"b131b46\" data-element_type=\"column\">\n\t\t\t<div class=\"elementor-widget-wrap elementor-element-populated\">\n\t\t\t\t\t\t\t\t<div class=\"elementor-element elementor-element-1c88147 elementor-widget elementor-widget-heading\" data-id=\"1c88147\" data-element_type=\"widget\" data-widget_type=\"heading.default\">\n\t\t\t\t<div class=\"elementor-widget-container\">\n\t\t\t<style>\/*! elementor - v3.18.0 - 08-12-2023 *\/\n.elementor-heading-title{padding:0;margin:0;line-height:1}.elementor-widget-heading .elementor-heading-title[class*=elementor-size-]>a{color:inherit;font-size:inherit;line-height:inherit}.elementor-widget-heading .elementor-heading-title.elementor-size-small{font-size:15px}.elementor-widget-heading .elementor-heading-title.elementor-size-medium{font-size:19px}.elementor-widget-heading .elementor-heading-title.elementor-size-large{font-size:29px}.elementor-widget-heading .elementor-heading-title.elementor-size-xl{font-size:39px}.elementor-widget-heading .elementor-heading-title.elementor-size-xxl{font-size:59px}<\/style><h2 class=\"elementor-heading-title elementor-size-default\">Quality Policy<\/h2>\t\t<\/div>\n\t\t\t\t<\/div>\n\t\t\t\t<div class=\"elementor-element elementor-element-abcb840 elementor-widget elementor-widget-text-editor\" data-id=\"abcb840\" data-element_type=\"widget\" data-widget_type=\"text-editor.default\">\n\t\t\t\t<div class=\"elementor-widget-container\">\n\t\t\t\t\t\t\tPINAR SA\u011eLIK H\u0130ZMETLER\u0130 LTD. \u015eT\u0130. has determined the processes it needs in accordance with the conditions stipulated by ISO 13485:2016 and CE Standard, has created, documented, implemented and maintained the quality management system. It continuously improves the efficiency of the system.\n<br><br>\nThese processes have determined the criteria and methods necessary for the effective operation, monitoring, measurement and analysis of the processes and carries out the necessary activities to achieve the targets.\n\n&nbsp;\n\nBu s\u00fcre\u00e7ler proseslerin etkin olarak \u00e7al\u0131\u015ft\u0131r\u0131lmas\u0131, izlenmesi, \u00f6l\u00e7\u00fclmesi, analiz edilmesi i\u00e7in gerekli kriter ve metodlar\u0131 belirlemi\u015f ve hedeflere ula\u015fmak i\u00e7in gerekli faaliyetleri y\u00fcr\u00fctmektedir.\t\t\t\t\t\t<\/div>\n\t\t\t\t<\/div>\n\t\t\t\t\t<\/div>\n\t\t<\/div>\n\t\t\t\t\t\t\t<\/div>\n\t\t<\/section>\n\t\t\t\t<section class=\"elementor-section elementor-top-section elementor-element elementor-element-e41ae58 elementor-section-boxed elementor-section-height-default elementor-section-height-default\" data-id=\"e41ae58\" data-element_type=\"section\">\n\t\t\t\t\t\t<div class=\"elementor-container elementor-column-gap-default\">\n\t\t\t\t\t<div class=\"elementor-column elementor-col-100 elementor-top-column elementor-element elementor-element-a160879\" data-id=\"a160879\" data-element_type=\"column\">\n\t\t\t<div class=\"elementor-widget-wrap\">\n\t\t\t\t\t\t\t\t\t<\/div>\n\t\t<\/div>\n\t\t\t\t\t\t\t<\/div>\n\t\t<\/section>\n\t\t\t\t\t\t\t<\/div>\n\t\t","protected":false},"excerpt":{"rendered":"<p>P\u0131nar Health Services was established in Ankara in 1987 to follow the development of technology in the medical field for our health and to make these developments available to everyone. She started her life with the sale of &#8220;Telescopic Glasses&#8221;, which is one of the auxiliary methods for those with low vision, and continued on<\/p>\n<div class=\"klb-readmore\"><a class=\"c-btn\" href=\"https:\/\/pinars.com.tr\/index.php\/en\/homepage-english\/\">Read More <i class=\"far fa-plus\"><\/i><\/a><\/div>\n","protected":false},"author":1,"featured_media":0,"parent":0,"menu_order":0,"comment_status":"closed","ping_status":"closed","template":"","meta":{"om_disable_all_campaigns":false,"_monsterinsights_skip_tracking":false,"_monsterinsights_sitenote_active":false,"_monsterinsights_sitenote_note":"","_monsterinsights_sitenote_category":0,"footnotes":""},"class_list":["post-792","page","type-page","status-publish","hentry"],"_links":{"self":[{"href":"https:\/\/pinars.com.tr\/index.php\/wp-json\/wp\/v2\/pages\/792","targetHints":{"allow":["GET"]}}],"collection":[{"href":"https:\/\/pinars.com.tr\/index.php\/wp-json\/wp\/v2\/pages"}],"about":[{"href":"https:\/\/pinars.com.tr\/index.php\/wp-json\/wp\/v2\/types\/page"}],"author":[{"embeddable":true,"href":"https:\/\/pinars.com.tr\/index.php\/wp-json\/wp\/v2\/users\/1"}],"replies":[{"embeddable":true,"href":"https:\/\/pinars.com.tr\/index.php\/wp-json\/wp\/v2\/comments?post=792"}],"version-history":[{"count":55,"href":"https:\/\/pinars.com.tr\/index.php\/wp-json\/wp\/v2\/pages\/792\/revisions"}],"predecessor-version":[{"id":1267,"href":"https:\/\/pinars.com.tr\/index.php\/wp-json\/wp\/v2\/pages\/792\/revisions\/1267"}],"wp:attachment":[{"href":"https:\/\/pinars.com.tr\/index.php\/wp-json\/wp\/v2\/media?parent=792"}],"curies":[{"name":"wp","href":"https:\/\/api.w.org\/{rel}","templated":true}]}}